

{"id":1694,"date":"2012-06-18T09:18:43","date_gmt":"2012-06-18T08:18:43","guid":{"rendered":"http:\/\/satinfo.es\/web-wp\/?page_id=1694"},"modified":"2012-06-18T09:18:43","modified_gmt":"2012-06-18T08:18:43","slug":"ver-detalles-elinavie","status":"publish","type":"page","link":"https:\/\/satinfo.es\/web-wp\/index.php\/descargas\/utilidades-de-satinfo\/e-k\/ver-detalles-elinavie\/","title":{"rendered":"Ver detalles Elinavie"},"content":{"rendered":"<p style=\"text-align: justify;\"><span style=\"color: #000000;\"><strong><span style=\"text-decoration: underline;\">PANTALLA DE AYUDA ELIMINACION VIRUS NAVIDAD Y NAVIDAD.E (EMANUEL)<\/span><\/strong><\/span><\/p>\n<p style=\"text-align: justify;\"><span style=\"color: #000000;\">A finales del a\u00f1o 2000 apareci\u00f3 el virus W32\/Navidad@m, que contestaba los e-mails recibidos, replicando otro sobre el mismo asunto anexando el fichero NAVIDAD.EXE, cuya ejecuci\u00f3n modificaba el registro con un RUN del fichero WINSVRC.EXE y copiaba en el directorio SYSTEM, el WINSVRC.VXD, dando error al no encontrar el EXE.<\/span><\/p>\n<p style=\"text-align: justify;\"><span style=\"color: #000000;\">A primeros del 2001 ha llegado el virus corregido, anexando el fichero EMANUEL.EXE, que se detecta desde DATS 4111 con el nombre de W32\/Navidad.e@M, el cual modifica el registro y copia el fichero WINTASK.EXE, lo que debe corregirse, bien manualmente restaurando registro y borrando fichero, o bien con nuestras utilidades ELINAVIE.EXE o ELINAVIE.VBS, que sirven tanto para el primer NAVIDAD como para el nuevo NAVIDAD.E o EMANUEL, pudiendo directamente pulsar doble click sobre el VBS si se tiene Internet Explorer 5, o el EXE en caso contrario, pero si ya se ha borrado el WINTASK.EXE y no se dispone de int\u00e9rprete para VBS, deber\u00e1 copiarse el ELINAVIE.EXE con el nombre de WINTASK.EXE dentro del directorio de sistema, y as\u00ed, al reiniciar Windows y autoejecutar el supuesto WINTASK.EXE, se ejecutar\u00eda realmente el ELINAVIE.EXE eliminando totalmente el virus.<\/span><\/p>\n","protected":false},"excerpt":{"rendered":"<p>PANTALLA DE AYUDA ELIMINACION VIRUS NAVIDAD Y NAVIDAD.E (EMANUEL) A finales del a\u00f1o 2000 apareci\u00f3 el virus W32\/Navidad@m, que contestaba los e-mails recibidos, replicando otro sobre el mismo asunto anexando el fichero NAVIDAD.EXE, cuya ejecuci\u00f3n modificaba el registro con un RUN del fichero WINSVRC.EXE y copiaba en el directorio SYSTEM, el WINSVRC.VXD, dando error al&nbsp;<a href=\"https:\/\/satinfo.es\/web-wp\/index.php\/descargas\/utilidades-de-satinfo\/e-k\/ver-detalles-elinavie\/\" class=\"read-more\">Continue Reading<\/a><\/p>\n","protected":false},"author":41,"featured_media":0,"parent":702,"menu_order":0,"comment_status":"closed","ping_status":"open","template":"page-fullwidth.php","meta":{"_monsterinsights_skip_tracking":false,"_monsterinsights_sitenote_active":false,"_monsterinsights_sitenote_note":"","_monsterinsights_sitenote_category":0,"footnotes":""},"class_list":["post-1694","page","type-page","status-publish","hentry"],"aioseo_notices":[],"_links":{"self":[{"href":"https:\/\/satinfo.es\/web-wp\/index.php\/wp-json\/wp\/v2\/pages\/1694","targetHints":{"allow":["GET"]}}],"collection":[{"href":"https:\/\/satinfo.es\/web-wp\/index.php\/wp-json\/wp\/v2\/pages"}],"about":[{"href":"https:\/\/satinfo.es\/web-wp\/index.php\/wp-json\/wp\/v2\/types\/page"}],"author":[{"embeddable":true,"href":"https:\/\/satinfo.es\/web-wp\/index.php\/wp-json\/wp\/v2\/users\/41"}],"replies":[{"embeddable":true,"href":"https:\/\/satinfo.es\/web-wp\/index.php\/wp-json\/wp\/v2\/comments?post=1694"}],"version-history":[{"count":0,"href":"https:\/\/satinfo.es\/web-wp\/index.php\/wp-json\/wp\/v2\/pages\/1694\/revisions"}],"up":[{"embeddable":true,"href":"https:\/\/satinfo.es\/web-wp\/index.php\/wp-json\/wp\/v2\/pages\/702"}],"wp:attachment":[{"href":"https:\/\/satinfo.es\/web-wp\/index.php\/wp-json\/wp\/v2\/media?parent=1694"}],"curies":[{"name":"wp","href":"https:\/\/api.w.org\/{rel}","templated":true}]}}