

{"id":1688,"date":"2012-06-18T09:13:48","date_gmt":"2012-06-18T08:13:48","guid":{"rendered":"http:\/\/satinfo.es\/web-wp\/?page_id=1688"},"modified":"2012-06-18T09:13:48","modified_gmt":"2012-06-18T08:13:48","slug":"ver-detalles-eli-mtx","status":"publish","type":"page","link":"https:\/\/satinfo.es\/web-wp\/index.php\/descargas\/utilidades-de-satinfo\/e-k\/ver-detalles-eli-mtx\/","title":{"rendered":"Ver detalles eli mtx"},"content":{"rendered":"<p style=\"text-align: justify;\"><span style=\"color: #000000;\"><strong><span style=\"text-decoration: underline;\">PANTALLA DE INFORMACION Y AYUDA ELIMINACION VIRUS W32\/MTX@mm<\/span><\/strong><\/span><\/p>\n<p style=\"text-align: justify;\"><span style=\"color: #000000;\">El virus gusano W32\/MTX@mm se est\u00e1 propagando en Espa\u00f1a desde su aparici\u00f3n en Setiembre del 2000. Su sistema de distribuci\u00f3n es a trav\u00e9s de un doble e-mail que env\u00eda el ordenador infectado a la misma direcci\u00f3n a la que se env\u00eda un e-mail deseado. El segundo e-mail lleva anexado un fichero de nombre variable de entre una lista de nombres predefinidos con extensiones EXE, SCR y PIF.<\/span><\/p>\n<p style=\"text-align: justify;\"><span style=\"color: #000000;\">Para su prop\u00f3sito, cambia el WSOCK32.DLL de \\Windows\\System y a\u00f1ade una clave en el registro de Sistema para cargar el virus en cada arranque de Windows. Adem\u00e1s infecta ficheros tipo PE y se autoenv\u00eda dentro de un fichero infectado anexado al doble mail arriba indicado. \u00a0 \u00a0 \u00a0 \u00a0 \u00a0 \u00a0 \u00a0 \u00a0 \u00a0 \u00a0 \u00a0 \u00a0 \u00a0 \u00a0 \u00a0 \u00a0 \u00a0 \u00a0 \u00a0 \u00a0 \u00a0 \u00a0 \u00a0 \u00a0<\/span><\/p>\n<p style=\"text-align: justify;\"><span style=\"color: #000000;\">Para su eliminaci\u00f3n, disponemos de la herramienta ELIMTX.EXE que borrar\u00e1 la clave de registro v\u00edrica y restaurar\u00e1 el WSOCK32 tras lo que podr\u00e1 resetear y limpiar con el VIRUSCAN los ficheros infectados, o bien arrancar a modo prueba de fallos y limpiar con VIRUSCAN, sin necesidad de ejecutar el ELIMTX.\u00a0\u00a0\u00a0\u00a0\u00a0<\/span><\/p>\n<p style=\"text-align: justify;\"><span style=\"color: #000000;\">\u00a0En cualquier caso es muy importante utilizar DATS min. 4098 y engine (motor de exploraci\u00f3n) 4.0.70. (Si no los tiene bajar de la web el SuperDAT y ejecutarlo.)<\/span><\/p>\n","protected":false},"excerpt":{"rendered":"<p>PANTALLA DE INFORMACION Y AYUDA ELIMINACION VIRUS W32\/MTX@mm El virus gusano W32\/MTX@mm se est\u00e1 propagando en Espa\u00f1a desde su aparici\u00f3n en Setiembre del 2000. Su sistema de distribuci\u00f3n es a trav\u00e9s de un doble e-mail que env\u00eda el ordenador infectado a la misma direcci\u00f3n a la que se env\u00eda un e-mail deseado. El segundo e-mail&nbsp;<a href=\"https:\/\/satinfo.es\/web-wp\/index.php\/descargas\/utilidades-de-satinfo\/e-k\/ver-detalles-eli-mtx\/\" class=\"read-more\">Continue Reading<\/a><\/p>\n","protected":false},"author":41,"featured_media":0,"parent":702,"menu_order":0,"comment_status":"closed","ping_status":"open","template":"page-fullwidth.php","meta":{"_monsterinsights_skip_tracking":false,"_monsterinsights_sitenote_active":false,"_monsterinsights_sitenote_note":"","_monsterinsights_sitenote_category":0,"footnotes":""},"class_list":["post-1688","page","type-page","status-publish","hentry"],"aioseo_notices":[],"_links":{"self":[{"href":"https:\/\/satinfo.es\/web-wp\/index.php\/wp-json\/wp\/v2\/pages\/1688","targetHints":{"allow":["GET"]}}],"collection":[{"href":"https:\/\/satinfo.es\/web-wp\/index.php\/wp-json\/wp\/v2\/pages"}],"about":[{"href":"https:\/\/satinfo.es\/web-wp\/index.php\/wp-json\/wp\/v2\/types\/page"}],"author":[{"embeddable":true,"href":"https:\/\/satinfo.es\/web-wp\/index.php\/wp-json\/wp\/v2\/users\/41"}],"replies":[{"embeddable":true,"href":"https:\/\/satinfo.es\/web-wp\/index.php\/wp-json\/wp\/v2\/comments?post=1688"}],"version-history":[{"count":0,"href":"https:\/\/satinfo.es\/web-wp\/index.php\/wp-json\/wp\/v2\/pages\/1688\/revisions"}],"up":[{"embeddable":true,"href":"https:\/\/satinfo.es\/web-wp\/index.php\/wp-json\/wp\/v2\/pages\/702"}],"wp:attachment":[{"href":"https:\/\/satinfo.es\/web-wp\/index.php\/wp-json\/wp\/v2\/media?parent=1688"}],"curies":[{"name":"wp","href":"https:\/\/api.w.org\/{rel}","templated":true}]}}