

{"id":1684,"date":"2012-06-18T08:51:15","date_gmt":"2012-06-18T07:51:15","guid":{"rendered":"http:\/\/satinfo.es\/web-wp\/?page_id=1684"},"modified":"2012-06-18T08:51:15","modified_gmt":"2012-06-18T07:51:15","slug":"ver-detalles-elimsini","status":"publish","type":"page","link":"https:\/\/satinfo.es\/web-wp\/index.php\/descargas\/utilidades-de-satinfo\/e-k\/ver-detalles-elimsini\/","title":{"rendered":"Ver detalles EliMsini"},"content":{"rendered":"<p style=\"text-align: justify;\"><span style=\"color: #000000;\"><strong><span style=\"text-decoration: underline;\">PANTALLA DE AYUDA ELIMINACION VIRUS GUSANO\/TROYANO W32\/MSINIT<\/span><\/strong><\/span><\/p>\n<p style=\"text-align: justify;\"><span style=\"color: #000000;\">El virus W32\/MSINIT, en sus variantes a y b, es enviado por ordenadores infectados con este virus, a otros ordenadores en red, la cual primariamente es Internet, a direcciones aleatorias IP en las que encuentra una unidad C compartida, y con carpeta Windows, en la que dentro de System copia los ficheros DNETC.EXE o WININIT.EXE seg\u00fan sea la variante a o b, respectivamente. \u00a0 \u00a0\u00a0<\/span><\/p>\n<p style=\"text-align: justify;\"><span style=\"color: #000000;\">Como funci\u00f3n troyana tiene el poder desconectar al ordenador infectado de la red, ademas de propagar virus como foco infector.<\/span><\/p>\n<p style=\"text-align: justify;\"><span style=\"color: #000000;\">Para su eliminaci\u00f3n hemos creado la utilidad ELIMSINI.EXE que corregir\u00e1 el registro de sistema modificado por el virus y a continuaci\u00f3n borrar\u00e1 los ficheros gusano creados por el virus. \u00a0 \u00a0<\/span><\/p>\n<p style=\"text-align: justify;\"><span style=\"color: #000000;\">Simplemente ejecutar dicha utilidad y reiniciar Windows, y se habr\u00e1 eliminado el virus. Tambi\u00e9n se podr\u00eda arrancar en SOLO SIMBOLO DE SISTEMA (MSDOS), O A MODO PRUEBA DE FALLOS, y eliminar dichos ficheros v\u00edricos.<\/span><\/p>\n","protected":false},"excerpt":{"rendered":"<p>PANTALLA DE AYUDA ELIMINACION VIRUS GUSANO\/TROYANO W32\/MSINIT El virus W32\/MSINIT, en sus variantes a y b, es enviado por ordenadores infectados con este virus, a otros ordenadores en red, la cual primariamente es Internet, a direcciones aleatorias IP en las que encuentra una unidad C compartida, y con carpeta Windows, en la que dentro de&nbsp;<a href=\"https:\/\/satinfo.es\/web-wp\/index.php\/descargas\/utilidades-de-satinfo\/e-k\/ver-detalles-elimsini\/\" class=\"read-more\">Continue Reading<\/a><\/p>\n","protected":false},"author":41,"featured_media":0,"parent":702,"menu_order":0,"comment_status":"closed","ping_status":"open","template":"page-fullwidth.php","meta":{"_monsterinsights_skip_tracking":false,"_monsterinsights_sitenote_active":false,"_monsterinsights_sitenote_note":"","_monsterinsights_sitenote_category":0,"footnotes":""},"class_list":["post-1684","page","type-page","status-publish","hentry"],"aioseo_notices":[],"_links":{"self":[{"href":"https:\/\/satinfo.es\/web-wp\/index.php\/wp-json\/wp\/v2\/pages\/1684","targetHints":{"allow":["GET"]}}],"collection":[{"href":"https:\/\/satinfo.es\/web-wp\/index.php\/wp-json\/wp\/v2\/pages"}],"about":[{"href":"https:\/\/satinfo.es\/web-wp\/index.php\/wp-json\/wp\/v2\/types\/page"}],"author":[{"embeddable":true,"href":"https:\/\/satinfo.es\/web-wp\/index.php\/wp-json\/wp\/v2\/users\/41"}],"replies":[{"embeddable":true,"href":"https:\/\/satinfo.es\/web-wp\/index.php\/wp-json\/wp\/v2\/comments?post=1684"}],"version-history":[{"count":0,"href":"https:\/\/satinfo.es\/web-wp\/index.php\/wp-json\/wp\/v2\/pages\/1684\/revisions"}],"up":[{"embeddable":true,"href":"https:\/\/satinfo.es\/web-wp\/index.php\/wp-json\/wp\/v2\/pages\/702"}],"wp:attachment":[{"href":"https:\/\/satinfo.es\/web-wp\/index.php\/wp-json\/wp\/v2\/media?parent=1684"}],"curies":[{"name":"wp","href":"https:\/\/api.w.org\/{rel}","templated":true}]}}