

{"id":1640,"date":"2012-06-14T17:29:36","date_gmt":"2012-06-14T16:29:36","guid":{"rendered":"http:\/\/satinfo.es\/web-wp\/?page_id=1640"},"modified":"2012-06-14T17:29:36","modified_gmt":"2012-06-14T16:29:36","slug":"ver-detalles-elimatch","status":"publish","type":"page","link":"https:\/\/satinfo.es\/web-wp\/index.php\/descargas\/utilidades-de-satinfo\/e-k\/ver-detalles-elimatch\/","title":{"rendered":"Ver detalles elimatch"},"content":{"rendered":"<p style=\"text-align: justify;\"><span style=\"color: #000000;\"><strong><span style=\"text-decoration: underline;\">PANTALLA DE INFORMACION SOBRE VIRUS W32\/MATCHER Y SU ELIMINACION<\/span><\/strong><\/span><\/p>\n<p style=\"text-align: justify;\"><span style=\"color: #000000;\">El virus W32\/Matcher llega en un e-mail auto-enviado por Outlook con un fichero anexado MATCHER.EXE, cuya ejecuci\u00f3n crea en el directorio de sistema de windows una copia de s\u00ed mismo, y modifica el registro de sistema, de forma que es ejecutado en cada reinicio de Windows. \u00a0 \u00a0 \u00a0 \u00a0 \u00a0 \u00a0 \u00a0 \u00a0 \u00a0 \u00a0 \u00a0 \u00a0 \u00a0 \u00a0 \u00a0 \u00a0 \u00a0 \u00a0 \u00a0 \u00a0 \u00a0 \u00a0 \u00a0 \u00a0\u00a0<\/span><\/p>\n<p style=\"text-align: justify;\"><span style=\"color: #000000;\">El e-mail en el que llega viene en ingl\u00e9s, con Asunto Matcher y por texto \u00abWant to find your love mates!!!.Try this its cool&#8230; Looks and Attitude Maching to opposite sex.\u00bb, y como anexado adjunta el Matcher.exe. Sin peores intenciones, el virus modifica el AUTOEXEC.BAT para que al arrancar se visualice \u00abfrom: Bugger\u00bb\u00a0\u00a0Si bien para eliminarlo en ordenadores W9x basta con arrancar en modo MSDOS (solo s\u00edmbolo de sistema) y pasar el SCAN \/clean, para m\u00e1quinas con Windows NT \/2000, sin arranque en DOS, se debe primero corregir el Registro de sistema, y en el pr\u00f3ximo reinicio ya no se ejecutar\u00e1 el MATCHER, con lo cual podr\u00e1 eliminarse. \u00a0 \u00a0<\/span><\/p>\n<p style=\"text-align: justify;\"><span style=\"color: #000000;\">Para facilitar la eliminaci\u00f3n hemos creado la utilidad ELIMATCH debi\u00e9ndola ejecutar y\u00a0\u00a0tras ello, reiniciar la m\u00e1quina y eliminar si todav\u00eda est\u00e1, el fichero MATCHER.EXE con el VIRUSSCAN.\u00a0<\/span><\/p>\n","protected":false},"excerpt":{"rendered":"<p>PANTALLA DE INFORMACION SOBRE VIRUS W32\/MATCHER Y SU ELIMINACION El virus W32\/Matcher llega en un e-mail auto-enviado por Outlook con un fichero anexado MATCHER.EXE, cuya ejecuci\u00f3n crea en el directorio de sistema de windows una copia de s\u00ed mismo, y modifica el registro de sistema, de forma que es ejecutado en cada reinicio de Windows.&nbsp;<a href=\"https:\/\/satinfo.es\/web-wp\/index.php\/descargas\/utilidades-de-satinfo\/e-k\/ver-detalles-elimatch\/\" class=\"read-more\">Continue Reading<\/a><\/p>\n","protected":false},"author":41,"featured_media":0,"parent":702,"menu_order":0,"comment_status":"closed","ping_status":"open","template":"page-fullwidth.php","meta":{"_monsterinsights_skip_tracking":false,"_monsterinsights_sitenote_active":false,"_monsterinsights_sitenote_note":"","_monsterinsights_sitenote_category":0,"footnotes":""},"class_list":["post-1640","page","type-page","status-publish","hentry"],"aioseo_notices":[],"_links":{"self":[{"href":"https:\/\/satinfo.es\/web-wp\/index.php\/wp-json\/wp\/v2\/pages\/1640","targetHints":{"allow":["GET"]}}],"collection":[{"href":"https:\/\/satinfo.es\/web-wp\/index.php\/wp-json\/wp\/v2\/pages"}],"about":[{"href":"https:\/\/satinfo.es\/web-wp\/index.php\/wp-json\/wp\/v2\/types\/page"}],"author":[{"embeddable":true,"href":"https:\/\/satinfo.es\/web-wp\/index.php\/wp-json\/wp\/v2\/users\/41"}],"replies":[{"embeddable":true,"href":"https:\/\/satinfo.es\/web-wp\/index.php\/wp-json\/wp\/v2\/comments?post=1640"}],"version-history":[{"count":0,"href":"https:\/\/satinfo.es\/web-wp\/index.php\/wp-json\/wp\/v2\/pages\/1640\/revisions"}],"up":[{"embeddable":true,"href":"https:\/\/satinfo.es\/web-wp\/index.php\/wp-json\/wp\/v2\/pages\/702"}],"wp:attachment":[{"href":"https:\/\/satinfo.es\/web-wp\/index.php\/wp-json\/wp\/v2\/media?parent=1640"}],"curies":[{"name":"wp","href":"https:\/\/api.w.org\/{rel}","templated":true}]}}