

{"id":1636,"date":"2012-06-14T16:21:56","date_gmt":"2012-06-14T15:21:56","guid":{"rendered":"http:\/\/satinfo.es\/web-wp\/?page_id=1636"},"modified":"2012-06-14T16:21:56","modified_gmt":"2012-06-14T15:21:56","slug":"ver-detalles-elikilon","status":"publish","type":"page","link":"https:\/\/satinfo.es\/web-wp\/index.php\/descargas\/utilidades-de-satinfo\/e-k\/ver-detalles-elikilon\/","title":{"rendered":"Ver detalles elikilon"},"content":{"rendered":"<p style=\"text-align: justify;\"><span style=\"color: #000000;\"><strong><span style=\"text-decoration: underline;\">PANTALLA DE INFORMACION UTILIDAD ELIKILON.EXE<\/span><\/strong><\/span><\/p>\n<p style=\"text-align: justify;\"><span style=\"color: #000000;\">El virus W32\/KILONCE.b.worm est\u00e1 controlado por VIRUSSCAN de McAfee desde versi\u00f3n 4222, y por sus caracter\u00edsticas requiere un tratamiento especial a la hora de eliminarlo, para lo que hemos creado la herramienta ELIKILON.EXE (Elimina Kilonce) que restaura ficheros renombrados por el virus a su nombre original, (REGEDIT y RUNDLL32.EXE), sobreescribiendo los creados por el virus, as\u00ed como detiene los procesos v\u00edricos en marcha, como el del KillOnce pasando a continuaci\u00f3n eliminarlos, tanto del directorio Windows como de C:\\Recycled. Tras ello se busca ficheros RICHED20.DLL y SHDOCVW.DLL infectados, para borrarlos en su caso, y por \u00faltimo restaura las claves de registro modificadas por el virus, con lo que se evita ejecutar el virus en cada reinicio, as\u00ed como cada vez que se ejecute un EXE o se procese un TXT desde Windows. \u00a0 \u00a0<\/span><\/p>\n<p style=\"text-align: justify;\"><span style=\"color: #000000;\">Los ficheros eliminados son relacionados en C:\\Infosat.txt. Si se ha eliminado el virus sin restaurar registro de sistema, no podr\u00e1 ejecutarse ning\u00fan EXE, por lo que deber\u00e1 renombrarse el ELIKILON.EXE a ELIKILON.COM, y ejecutar este \u00faltimo. Despu\u00e9s de ejecutar el ELIKILON, debe ejecutarse el VIRUSSCAN (o el LIMPIA)<\/span><\/p>\n","protected":false},"excerpt":{"rendered":"<p>PANTALLA DE INFORMACION UTILIDAD ELIKILON.EXE El virus W32\/KILONCE.b.worm est\u00e1 controlado por VIRUSSCAN de McAfee desde versi\u00f3n 4222, y por sus caracter\u00edsticas requiere un tratamiento especial a la hora de eliminarlo, para lo que hemos creado la herramienta ELIKILON.EXE (Elimina Kilonce) que restaura ficheros renombrados por el virus a su nombre original, (REGEDIT y RUNDLL32.EXE), sobreescribiendo&nbsp;<a href=\"https:\/\/satinfo.es\/web-wp\/index.php\/descargas\/utilidades-de-satinfo\/e-k\/ver-detalles-elikilon\/\" class=\"read-more\">Continue Reading<\/a><\/p>\n","protected":false},"author":41,"featured_media":0,"parent":702,"menu_order":0,"comment_status":"closed","ping_status":"open","template":"page-fullwidth.php","meta":{"_monsterinsights_skip_tracking":false,"_monsterinsights_sitenote_active":false,"_monsterinsights_sitenote_note":"","_monsterinsights_sitenote_category":0,"footnotes":""},"class_list":["post-1636","page","type-page","status-publish","hentry"],"aioseo_notices":[],"_links":{"self":[{"href":"https:\/\/satinfo.es\/web-wp\/index.php\/wp-json\/wp\/v2\/pages\/1636","targetHints":{"allow":["GET"]}}],"collection":[{"href":"https:\/\/satinfo.es\/web-wp\/index.php\/wp-json\/wp\/v2\/pages"}],"about":[{"href":"https:\/\/satinfo.es\/web-wp\/index.php\/wp-json\/wp\/v2\/types\/page"}],"author":[{"embeddable":true,"href":"https:\/\/satinfo.es\/web-wp\/index.php\/wp-json\/wp\/v2\/users\/41"}],"replies":[{"embeddable":true,"href":"https:\/\/satinfo.es\/web-wp\/index.php\/wp-json\/wp\/v2\/comments?post=1636"}],"version-history":[{"count":0,"href":"https:\/\/satinfo.es\/web-wp\/index.php\/wp-json\/wp\/v2\/pages\/1636\/revisions"}],"up":[{"embeddable":true,"href":"https:\/\/satinfo.es\/web-wp\/index.php\/wp-json\/wp\/v2\/pages\/702"}],"wp:attachment":[{"href":"https:\/\/satinfo.es\/web-wp\/index.php\/wp-json\/wp\/v2\/media?parent=1636"}],"curies":[{"name":"wp","href":"https:\/\/api.w.org\/{rel}","templated":true}]}}