

{"id":1620,"date":"2012-06-14T16:07:18","date_gmt":"2012-06-14T15:07:18","guid":{"rendered":"http:\/\/satinfo.es\/web-wp\/?page_id=1620"},"modified":"2012-06-14T16:07:18","modified_gmt":"2012-06-14T15:07:18","slug":"ver-detalles-elifake","status":"publish","type":"page","link":"https:\/\/satinfo.es\/web-wp\/index.php\/descargas\/utilidades-de-satinfo\/e-k\/ver-detalles-elifake\/","title":{"rendered":"Ver detalles elifake"},"content":{"rendered":"<p style=\"text-align: justify;\"><strong><span style=\"color: #000000;\"><a title=\"NUEVA UTILIDAD ELIFAKE.EXE PARA CONTROL DEL MALWARE FAKEDOC ALIAS DORFIEL\" href=\"http:\/\/www.satinfo.es\/noticies\/?p=423\" rel=\"bookmark\"><span style=\"color: #000000;\">NUEVA UTILIDAD ELIFAKE.EXE PARA CONTROL DEL MALWARE FAKEDOC ALIAS DORFIEL<\/span><\/a><\/span><\/strong><\/p>\n<p style=\"text-align: justify;\"><span style=\"color: #000000;\">Se est\u00e1 propagando un malware que codifica los ficheros DOC de las unidades compartidas, generalmente en el servidor, dej\u00e1ndolos con extensi\u00f3n .SCR , permitiendo ejecutarlos y visualizar el contenido del documento, pero con ello volver a activar el virus.<\/span><\/p>\n<p style=\"text-align: justify;\"><span style=\"color: #000000;\">Si bien recomendamos que los ficheros imprescindibles sean ejecutados y salvado su contenido con un \u201cGUARDAR COMO\u201d, en una unidad no compartida, para que no vuelvan a ser afectados, y as\u00ed \u201caparcar\u201d todos los ficheros, afectados e infectados, y dejar el ordenador sin virus activo, hemos creado la utilidad ELIFAKE.EXE que detecta y a\u00f1ade .VIR a todos los ficheros as\u00ed tratados, SCR, DLL creadas por su ejecuci\u00f3n y dem\u00e1s ficheros infectados, de forma que tras ello podr\u00e1 restablecerse con una REPARACION DE SISTEMA, si hiciera falta, la operatividad de dicho sistema.<\/span><\/p>\n<p style=\"text-align: justify;\"><span style=\"color: #000000;\">Las muestras que vamos enviando a McAfee las van incluyendo en EXTRADAT que consiguen limpiar los DOC, pero no los DOCX, los cuales se eliminan, igual que los dem\u00e1s ficheros infectados con dicho VIRUS.<\/span><\/p>\n<p style=\"text-align: justify;\"><span style=\"color: #000000;\">En lugar de eliminar ninguno de ellos, los aparcamos a\u00f1adi\u00e9ndoles la extensi\u00f3n .VIR, que en cualquier momento se puede eliminar y dejar como estaban, pero que de esta forma dejan de poder ser ejecutados.<\/span><\/p>\n<p style=\"text-align: justify;\"><span style=\"color: #000000;\">Con ello esperamos aportar una \u201csoluci\u00f3n\u201d aunque sea provisional, a los usuarios afectados por dicho virus, que cada d\u00eda son mas.<\/span><\/p>\n","protected":false},"excerpt":{"rendered":"<p>NUEVA UTILIDAD ELIFAKE.EXE PARA CONTROL DEL MALWARE FAKEDOC ALIAS DORFIEL Se est\u00e1 propagando un malware que codifica los ficheros DOC de las unidades compartidas, generalmente en el servidor, dej\u00e1ndolos con extensi\u00f3n .SCR , permitiendo ejecutarlos y visualizar el contenido del documento, pero con ello volver a activar el virus. Si bien recomendamos que los ficheros&nbsp;<a href=\"https:\/\/satinfo.es\/web-wp\/index.php\/descargas\/utilidades-de-satinfo\/e-k\/ver-detalles-elifake\/\" class=\"read-more\">Continue Reading<\/a><\/p>\n","protected":false},"author":41,"featured_media":0,"parent":702,"menu_order":0,"comment_status":"closed","ping_status":"open","template":"page-fullwidth.php","meta":{"_monsterinsights_skip_tracking":false,"_monsterinsights_sitenote_active":false,"_monsterinsights_sitenote_note":"","_monsterinsights_sitenote_category":0,"footnotes":""},"class_list":["post-1620","page","type-page","status-publish","hentry"],"aioseo_notices":[],"_links":{"self":[{"href":"https:\/\/satinfo.es\/web-wp\/index.php\/wp-json\/wp\/v2\/pages\/1620","targetHints":{"allow":["GET"]}}],"collection":[{"href":"https:\/\/satinfo.es\/web-wp\/index.php\/wp-json\/wp\/v2\/pages"}],"about":[{"href":"https:\/\/satinfo.es\/web-wp\/index.php\/wp-json\/wp\/v2\/types\/page"}],"author":[{"embeddable":true,"href":"https:\/\/satinfo.es\/web-wp\/index.php\/wp-json\/wp\/v2\/users\/41"}],"replies":[{"embeddable":true,"href":"https:\/\/satinfo.es\/web-wp\/index.php\/wp-json\/wp\/v2\/comments?post=1620"}],"version-history":[{"count":0,"href":"https:\/\/satinfo.es\/web-wp\/index.php\/wp-json\/wp\/v2\/pages\/1620\/revisions"}],"up":[{"embeddable":true,"href":"https:\/\/satinfo.es\/web-wp\/index.php\/wp-json\/wp\/v2\/pages\/702"}],"wp:attachment":[{"href":"https:\/\/satinfo.es\/web-wp\/index.php\/wp-json\/wp\/v2\/media?parent=1620"}],"curies":[{"name":"wp","href":"https:\/\/api.w.org\/{rel}","templated":true}]}}