

{"id":1616,"date":"2012-06-14T16:03:52","date_gmt":"2012-06-14T15:03:52","guid":{"rendered":"http:\/\/satinfo.es\/web-wp\/?page_id=1616"},"modified":"2012-06-14T16:04:02","modified_gmt":"2012-06-14T15:04:02","slug":"ver-detalles-elifable","status":"publish","type":"page","link":"https:\/\/satinfo.es\/web-wp\/index.php\/descargas\/utilidades-de-satinfo\/e-k\/ver-detalles-elifable\/","title":{"rendered":"Ver detalles elifable"},"content":{"rendered":"<p style=\"text-align: justify;\"><span style=\"color: #000000;\"><strong><span style=\"text-decoration: underline;\">PANTALLA DE INFORMACION SOBRE VIRUS PIF\/FABLE Y SU ELIMINACION<\/span><\/strong><\/span><\/p>\n<p style=\"text-align: justify;\"><span style=\"color: #000000;\">El virus PIF\/FABLE es un gusano de Internet que auto-env\u00eda a todas las direcciones de las listas de Outlook, un mail anexando fichero FABLE.PIF, el cual al ser ejecutado crea fichero BLAH.VBS y entre los dos modifican varias claves del registro de sistema y crean varios ficheros VBS, BAT, SYS, VXD, TXT, FAB y sobreescribe el SCRIPT.INI, adem\u00e1s de borrar el REGEDIT.EXE para dificultar la edici\u00f3n del registro de sistema. para la restauraci\u00f3n manual.<\/span><\/p>\n<p style=\"text-align: justify;\"><span style=\"color: #000000;\">Para la eliminaci\u00f3n de este virus hemos creado la utilidad que\u00a0\u00a0llamamos ELIFABLE.EXE, cuya ejecuci\u00f3n restaurar\u00e1 las claves del registro de sistema, borrar\u00e1 los ficheros creados o sobre-escritos<\/span><\/p>\n<p style=\"text-align: justify;\"><span style=\"color: #000000;\">por el virus y, si previamente de ha ejecutado nuestro COPYSEGU, restaurar\u00e1 el REGEDIT.EXE, a partir de la copia de seguridad .COM<\/span><\/p>\n<p style=\"text-align: justify;\"><span style=\"color: #000000;\">Al respecto del COPYSEGU, recordamos que es una utilidad cuya\u00a0\u00a0ejecuci\u00f3n hace una copia de seguridad de tres ficheros del sistema, del WIN.COM, WSOCK32.DLL y del REGEDIT.EXE, los cuales alteran o borran algunos virus, debiendo ser sustituidos por origina les o copia de seguridad, lo cual se soluciona con dicha utilidad.<\/span><\/p>\n","protected":false},"excerpt":{"rendered":"<p>PANTALLA DE INFORMACION SOBRE VIRUS PIF\/FABLE Y SU ELIMINACION El virus PIF\/FABLE es un gusano de Internet que auto-env\u00eda a todas las direcciones de las listas de Outlook, un mail anexando fichero FABLE.PIF, el cual al ser ejecutado crea fichero BLAH.VBS y entre los dos modifican varias claves del registro de sistema y crean varios&nbsp;<a href=\"https:\/\/satinfo.es\/web-wp\/index.php\/descargas\/utilidades-de-satinfo\/e-k\/ver-detalles-elifable\/\" class=\"read-more\">Continue Reading<\/a><\/p>\n","protected":false},"author":41,"featured_media":0,"parent":702,"menu_order":0,"comment_status":"closed","ping_status":"open","template":"page-fullwidth.php","meta":{"_monsterinsights_skip_tracking":false,"_monsterinsights_sitenote_active":false,"_monsterinsights_sitenote_note":"","_monsterinsights_sitenote_category":0,"footnotes":""},"class_list":["post-1616","page","type-page","status-publish","hentry"],"aioseo_notices":[],"_links":{"self":[{"href":"https:\/\/satinfo.es\/web-wp\/index.php\/wp-json\/wp\/v2\/pages\/1616","targetHints":{"allow":["GET"]}}],"collection":[{"href":"https:\/\/satinfo.es\/web-wp\/index.php\/wp-json\/wp\/v2\/pages"}],"about":[{"href":"https:\/\/satinfo.es\/web-wp\/index.php\/wp-json\/wp\/v2\/types\/page"}],"author":[{"embeddable":true,"href":"https:\/\/satinfo.es\/web-wp\/index.php\/wp-json\/wp\/v2\/users\/41"}],"replies":[{"embeddable":true,"href":"https:\/\/satinfo.es\/web-wp\/index.php\/wp-json\/wp\/v2\/comments?post=1616"}],"version-history":[{"count":0,"href":"https:\/\/satinfo.es\/web-wp\/index.php\/wp-json\/wp\/v2\/pages\/1616\/revisions"}],"up":[{"embeddable":true,"href":"https:\/\/satinfo.es\/web-wp\/index.php\/wp-json\/wp\/v2\/pages\/702"}],"wp:attachment":[{"href":"https:\/\/satinfo.es\/web-wp\/index.php\/wp-json\/wp\/v2\/media?parent=1616"}],"curies":[{"name":"wp","href":"https:\/\/api.w.org\/{rel}","templated":true}]}}