

{"id":1611,"date":"2012-06-14T16:00:47","date_gmt":"2012-06-14T15:00:47","guid":{"rendered":"http:\/\/satinfo.es\/web-wp\/?page_id=1611"},"modified":"2012-06-14T16:01:16","modified_gmt":"2012-06-14T15:01:16","slug":"ver-detalles-eliexit","status":"publish","type":"page","link":"https:\/\/satinfo.es\/web-wp\/index.php\/descargas\/utilidades-de-satinfo\/e-k\/ver-detalles-eliexit\/","title":{"rendered":"Ver detalles eliexit"},"content":{"rendered":"<p style=\"text-align: justify;\"><span style=\"color: #000000;\"><strong><span style=\"text-decoration: underline;\">PANTALLA DE INFORMACION VIRUS TROYANO EXITWIN Y UTILIDAD ELIEXIT<\/span><\/strong><\/span><\/p>\n<p style=\"text-align: justify;\"><span style=\"color: #000000;\">Dos virus troyanos escritos independientemente pero con los mismos efectos, provocar un reset cada vez que se inicia Windows, pasan a ser controlados por Virusscan desde DATS 4164, si bien pueden detectar alg\u00fan falso positivo, lo cual ser\u00e1 mejorado desde DATS 4165. Caso de detectar alguno de ellos, rogamos nos lo env\u00eden a sat@satinfo.es.<\/span><\/p>\n<p style=\"text-align: justify;\"><span style=\"color: #000000;\">Si bien no es de difusi\u00f3n masiva, este virus puede encontrarse en Internet y la ejecuci\u00f3n del fichero que lo contenga producir\u00e1 la modificaci\u00f3n de dos claves de registro de windows si corresponde a la primera variante, o de la inclusi\u00f3n del mismo en el men\u00fa de Inicio del S.O. en alem\u00e1n, con la segunda variante.<\/span><\/p>\n<p><span style=\"color: #000000;\">El primero tiene un tama\u00f1o de 20480 bytes y hace una copia de s\u00ed mismo con el nombre de WINCONFIG.EXE en C:\\Windows, y el segundo tiene un tama\u00f1o de 7168 bytes y se carga con el nombre de WIN32PRO.EXE.<\/span><\/p>\n<p><span style=\"color: #000000;\">Para su eliminaci\u00f3n hemos creado la utilidad ELIEXIT.EXE que borrar\u00e1 los ficheros gusano si encuentra alguno de ellos, y restablecer\u00e1 las claves de registro de sistema y el men\u00fa de Inicio.<\/span><\/p>\n","protected":false},"excerpt":{"rendered":"<p>PANTALLA DE INFORMACION VIRUS TROYANO EXITWIN Y UTILIDAD ELIEXIT Dos virus troyanos escritos independientemente pero con los mismos efectos, provocar un reset cada vez que se inicia Windows, pasan a ser controlados por Virusscan desde DATS 4164, si bien pueden detectar alg\u00fan falso positivo, lo cual ser\u00e1 mejorado desde DATS 4165. Caso de detectar alguno&nbsp;<a href=\"https:\/\/satinfo.es\/web-wp\/index.php\/descargas\/utilidades-de-satinfo\/e-k\/ver-detalles-eliexit\/\" class=\"read-more\">Continue Reading<\/a><\/p>\n","protected":false},"author":41,"featured_media":0,"parent":702,"menu_order":0,"comment_status":"closed","ping_status":"open","template":"page-fullwidth.php","meta":{"_monsterinsights_skip_tracking":false,"_monsterinsights_sitenote_active":false,"_monsterinsights_sitenote_note":"","_monsterinsights_sitenote_category":0,"footnotes":""},"class_list":["post-1611","page","type-page","status-publish","hentry"],"aioseo_notices":[],"_links":{"self":[{"href":"https:\/\/satinfo.es\/web-wp\/index.php\/wp-json\/wp\/v2\/pages\/1611","targetHints":{"allow":["GET"]}}],"collection":[{"href":"https:\/\/satinfo.es\/web-wp\/index.php\/wp-json\/wp\/v2\/pages"}],"about":[{"href":"https:\/\/satinfo.es\/web-wp\/index.php\/wp-json\/wp\/v2\/types\/page"}],"author":[{"embeddable":true,"href":"https:\/\/satinfo.es\/web-wp\/index.php\/wp-json\/wp\/v2\/users\/41"}],"replies":[{"embeddable":true,"href":"https:\/\/satinfo.es\/web-wp\/index.php\/wp-json\/wp\/v2\/comments?post=1611"}],"version-history":[{"count":0,"href":"https:\/\/satinfo.es\/web-wp\/index.php\/wp-json\/wp\/v2\/pages\/1611\/revisions"}],"up":[{"embeddable":true,"href":"https:\/\/satinfo.es\/web-wp\/index.php\/wp-json\/wp\/v2\/pages\/702"}],"wp:attachment":[{"href":"https:\/\/satinfo.es\/web-wp\/index.php\/wp-json\/wp\/v2\/media?parent=1611"}],"curies":[{"name":"wp","href":"https:\/\/api.w.org\/{rel}","templated":true}]}}