

{"id":1606,"date":"2012-06-14T15:58:15","date_gmt":"2012-06-14T14:58:15","guid":{"rendered":"http:\/\/satinfo.es\/web-wp\/?page_id=1606"},"modified":"2012-12-04T09:55:38","modified_gmt":"2012-12-04T08:55:38","slug":"ver-detalles-elidelcm","status":"publish","type":"page","link":"https:\/\/satinfo.es\/web-wp\/index.php\/descargas\/utilidades-de-satinfo\/e-k\/ver-detalles-elidelcm\/","title":{"rendered":"Ver detalles elidelcm"},"content":{"rendered":"<p style=\"text-align: justify;\"><strong><span style=\"color: #000000;\">PANTALLA DE INFORMACION SOBRE EL USO DEL PROGRAMA ELIDELCM.EXE<\/span><\/strong><\/p>\n<p style=\"text-align: justify;\"><span style=\"color: #000000;\">Como sea que algunos de los virus que afectan a la tabla de partici\u00f3m del Harddisk (como el ANTICMOS, BLEAH, PARITY B, etc) desplazan dicho sector MBR, a otro situado dentro de los considerados sectores reservados (solo f\u00edsicos), es posible redesplazar dicha copia sobreescribiendola en su ubicaci\u00f3n inicial, con la utilidad ELIDELCM.EXE, con lo que poder restaurar exactamente lo que hab\u00eda en el momento de entrar el virus.<\/span><\/p>\n<p style=\"text-align: justify;\"><span style=\"color: #000000;\">El programa ELIDELCM.EXE buscar\u00e1 desde el sector 2 al 17 del cilindro 0, cabezal 0, un sector desplazado con la firma de partici\u00f3n, y, si lo encuentra, indicar\u00e1 el sector donde lo ha encontrado y lo implantar\u00e1 sobre el primer sector f\u00edsico del disco duro, reemplazando el que all\u00ed existiera, presuntamente contaminado. \u00a0 \u00a0 \u00a0 \u00a0 \u00a0 \u00a0 \u00a0 \u00a0 \u00a0 \u00a0 \u00a0 \u00a0 \u00a0 \u00a0 \u00a0 \u00a0 \u00a0 \u00a0 \u00a0 \u00a0 \u00a0 \u00a0 \u00a0 \u00a0 \u00a0 \u00a0 \u00a0 \u00a0 \u00a0 \u00a0 \u00a0 \u00a0 \u00a0 \u00a0 \u00a0 \u00a0 \u00a0 \u00a0 \u00a0 \u00a0 \u00a0 \u00a0 \u00a0 \u00a0 \u00a0 \u00a0 \u00a0 \u00a0 \u00a0 \u00a0 \u00a0 \u00a0 \u00a0 \u00a0 \u00a0 \u00a0 \u00a0 \u00a0 \u00a0 \u00a0 \u00a0\u00a0<\/span><\/p>\n<p style=\"text-align: justify;\"><span style=\"color: #000000;\">En cualquier caso siempre es conveniente, antes de modificar el MBR, efectuar una copia de los sectores f\u00edsicos con nuestra utilidad SCOPY \/SEGU<\/span><\/p>\n","protected":false},"excerpt":{"rendered":"<p>PANTALLA DE INFORMACION SOBRE EL USO DEL PROGRAMA ELIDELCM.EXE Como sea que algunos de los virus que afectan a la tabla de partici\u00f3m del Harddisk (como el ANTICMOS, BLEAH, PARITY B, etc) desplazan dicho sector MBR, a otro situado dentro de los considerados sectores reservados (solo f\u00edsicos), es posible redesplazar dicha copia sobreescribiendola en su&nbsp;<a href=\"https:\/\/satinfo.es\/web-wp\/index.php\/descargas\/utilidades-de-satinfo\/e-k\/ver-detalles-elidelcm\/\" class=\"read-more\">Continue Reading<\/a><\/p>\n","protected":false},"author":41,"featured_media":0,"parent":702,"menu_order":0,"comment_status":"closed","ping_status":"open","template":"page-fullwidth.php","meta":{"_monsterinsights_skip_tracking":false,"_monsterinsights_sitenote_active":false,"_monsterinsights_sitenote_note":"","_monsterinsights_sitenote_category":0,"footnotes":""},"class_list":["post-1606","page","type-page","status-publish","hentry"],"aioseo_notices":[],"_links":{"self":[{"href":"https:\/\/satinfo.es\/web-wp\/index.php\/wp-json\/wp\/v2\/pages\/1606","targetHints":{"allow":["GET"]}}],"collection":[{"href":"https:\/\/satinfo.es\/web-wp\/index.php\/wp-json\/wp\/v2\/pages"}],"about":[{"href":"https:\/\/satinfo.es\/web-wp\/index.php\/wp-json\/wp\/v2\/types\/page"}],"author":[{"embeddable":true,"href":"https:\/\/satinfo.es\/web-wp\/index.php\/wp-json\/wp\/v2\/users\/41"}],"replies":[{"embeddable":true,"href":"https:\/\/satinfo.es\/web-wp\/index.php\/wp-json\/wp\/v2\/comments?post=1606"}],"version-history":[{"count":0,"href":"https:\/\/satinfo.es\/web-wp\/index.php\/wp-json\/wp\/v2\/pages\/1606\/revisions"}],"up":[{"embeddable":true,"href":"https:\/\/satinfo.es\/web-wp\/index.php\/wp-json\/wp\/v2\/pages\/702"}],"wp:attachment":[{"href":"https:\/\/satinfo.es\/web-wp\/index.php\/wp-json\/wp\/v2\/media?parent=1606"}],"curies":[{"name":"wp","href":"https:\/\/api.w.org\/{rel}","templated":true}]}}