

{"id":1602,"date":"2012-06-14T10:48:13","date_gmt":"2012-06-14T09:48:13","guid":{"rendered":"http:\/\/satinfo.es\/web-wp\/?page_id=1602"},"modified":"2012-06-14T10:48:13","modified_gmt":"2012-06-14T09:48:13","slug":"ver-detalles-eliclamg","status":"publish","type":"page","link":"https:\/\/satinfo.es\/web-wp\/index.php\/descargas\/utilidades-de-satinfo\/e-k\/ver-detalles-eliclamg\/","title":{"rendered":"Ver detalles eliclamg"},"content":{"rendered":"<p style=\"text-align: justify;\"><span style=\"color: #000000;\"><strong><span style=\"text-decoration: underline;\">PANTALLA DE INFORMACION UTILIDAD ELICLAMG.EXE (ELIMINA CLAVES MG)<\/span><\/strong><\/span><\/p>\n<p style=\"text-align: justify;\"><span style=\"color: #000000;\">IMPORTANTE: Para ejecutar esta utilidad recomendamos que desactive primero el Vshield residente.<\/span><\/p>\n<p style=\"text-align: justify;\"><span style=\"color: #000000;\">El virus W32\/MAGISTR@mm se limpia correctamente desde DATS4129 y engine m\u00ednimo 4.1.00, siendo muy da\u00f1ino al cabo de un mes de la primera infecci\u00f3n, si no eliminara totalmente -Ver MAGISTR2.RTF Tras dicha infecci\u00f3n queda en el registro de sistema la llamada a los ficheros que hab\u00eda escogido para, tras renombrarles la \u00faltima letra e infectarlos, ejecutar en cada reinicio de windows.<\/span><\/p>\n<p style=\"text-align: justify;\"><span style=\"color: #000000;\">Puede resultar molesto que sigan ejecut\u00e1ndose dichos ficheros una vez ya eliminado el virus, por lo que hemos creado la utilidad ELICLAMG.EXE (Elimina Claves Magistr) para buscarlos en base a estar duplicados pero con la \u00faltima letra diferente, y eliminar la llamada en el registro de sistema y en el WIN.INI, \u00e9ste ultimo para los casos de otros ordenadores de la red, en los que se haya propagado el virus y modificado el WIN.INI \u00a0 \u00a0 \u00a0 \u00a0 \u00a0 \u00a0 \u00a0 \u00a0 \u00a0 \u00a0 \u00a0<\/span><\/p>\n<p style=\"text-align: justify;\"><span style=\"color: #000000;\">Tambi\u00e9n se genera un fichero CLAVESMG.TXT con las modificaciones realizadas, pudiendo emplearlo para borrar, si se quiere, los ficheros duplicados en cuesti\u00f3n.<\/span><\/p>\n","protected":false},"excerpt":{"rendered":"<p>PANTALLA DE INFORMACION UTILIDAD ELICLAMG.EXE (ELIMINA CLAVES MG) IMPORTANTE: Para ejecutar esta utilidad recomendamos que desactive primero el Vshield residente. El virus W32\/MAGISTR@mm se limpia correctamente desde DATS4129 y engine m\u00ednimo 4.1.00, siendo muy da\u00f1ino al cabo de un mes de la primera infecci\u00f3n, si no eliminara totalmente -Ver MAGISTR2.RTF Tras dicha infecci\u00f3n queda en&nbsp;<a href=\"https:\/\/satinfo.es\/web-wp\/index.php\/descargas\/utilidades-de-satinfo\/e-k\/ver-detalles-eliclamg\/\" class=\"read-more\">Continue Reading<\/a><\/p>\n","protected":false},"author":41,"featured_media":0,"parent":702,"menu_order":0,"comment_status":"closed","ping_status":"open","template":"page-fullwidth.php","meta":{"_monsterinsights_skip_tracking":false,"_monsterinsights_sitenote_active":false,"_monsterinsights_sitenote_note":"","_monsterinsights_sitenote_category":0,"footnotes":""},"class_list":["post-1602","page","type-page","status-publish","hentry"],"aioseo_notices":[],"_links":{"self":[{"href":"https:\/\/satinfo.es\/web-wp\/index.php\/wp-json\/wp\/v2\/pages\/1602","targetHints":{"allow":["GET"]}}],"collection":[{"href":"https:\/\/satinfo.es\/web-wp\/index.php\/wp-json\/wp\/v2\/pages"}],"about":[{"href":"https:\/\/satinfo.es\/web-wp\/index.php\/wp-json\/wp\/v2\/types\/page"}],"author":[{"embeddable":true,"href":"https:\/\/satinfo.es\/web-wp\/index.php\/wp-json\/wp\/v2\/users\/41"}],"replies":[{"embeddable":true,"href":"https:\/\/satinfo.es\/web-wp\/index.php\/wp-json\/wp\/v2\/comments?post=1602"}],"version-history":[{"count":0,"href":"https:\/\/satinfo.es\/web-wp\/index.php\/wp-json\/wp\/v2\/pages\/1602\/revisions"}],"up":[{"embeddable":true,"href":"https:\/\/satinfo.es\/web-wp\/index.php\/wp-json\/wp\/v2\/pages\/702"}],"wp:attachment":[{"href":"https:\/\/satinfo.es\/web-wp\/index.php\/wp-json\/wp\/v2\/media?parent=1602"}],"curies":[{"name":"wp","href":"https:\/\/api.w.org\/{rel}","templated":true}]}}