

{"id":1592,"date":"2012-06-13T09:56:27","date_gmt":"2012-06-13T08:56:27","guid":{"rendered":"http:\/\/satinfo.es\/web-wp\/?page_id=1592"},"modified":"2012-06-13T09:56:27","modified_gmt":"2012-06-13T08:56:27","slug":"ver-detalles-elibadrt","status":"publish","type":"page","link":"https:\/\/satinfo.es\/web-wp\/index.php\/descargas\/utilidades-de-satinfo\/e-k\/ver-detalles-elibadrt\/","title":{"rendered":"Ver detalles elibadrt"},"content":{"rendered":"<p style=\"text-align: justify;\"><span style=\"color: #000000;\"><strong><span style=\"text-decoration: underline;\">PANTALLA SOBRE VIRUS BADTRANS VARIANTE B Y ELIMINADOR ELIBAD-B<\/span><\/strong><\/span><\/p>\n<p style=\"text-align: justify;\"><span style=\"color: #000000;\">Una variante del conocido virus BADTRANS ha empezado a propagarse a finales de Noviembre de 2001, aprovechando el agujero de seguridad del IE5 y del Outlook Express correspondiente, que en la versi\u00f3n b\u00e1sica sin aplicar parches, por leer los e-mails se pueden ejecutar los ficheros anexados a trav\u00e9s de etiqueta MIME trucada, como si se tratara de un fichero de m\u00fasica. Gracias a ello la infecci\u00f3n se produce en la mayor\u00eda de ordenadores que reciben dichos e-mails, propagando asimismo el virus a otros ordenadores.\u00a0<\/span><\/p>\n<p style=\"text-align: justify;\"><span style=\"color: #000000;\">Adem\u00e1s, la infecci\u00f3n lleva consigo la creaci\u00f3n de un troyano KDLL.DLL en el directorio de sistema de windows, que se cuida de robar n\u00fameros de cuentas corrientes, de tarjetas de cr\u00e9dito y de datos confidenciales y los env\u00eda a una direcci\u00f3n de hotmail. \u00a0\u00a0<\/span><\/p>\n<p style=\"text-align: justify;\"><span style=\"color: #000000;\">El total control de ambos virus y troyano se realiza desde DAT 4173, si bien para la f\u00e1cil eliminaci\u00f3n incluso restauraci\u00f3n del registro de sistema y Win.ini, hemos creado nuestra utilidad ELIBAD-B.EXE que eliminar\u00e1 y restaurar\u00e1 registro de sistema en los ordenadores infectados por cualquiera de dichos virus independientemente de los DAT del antivirus. (Ver BADTR-B.RTF).<\/span><\/p>\n","protected":false},"excerpt":{"rendered":"<p>PANTALLA SOBRE VIRUS BADTRANS VARIANTE B Y ELIMINADOR ELIBAD-B Una variante del conocido virus BADTRANS ha empezado a propagarse a finales de Noviembre de 2001, aprovechando el agujero de seguridad del IE5 y del Outlook Express correspondiente, que en la versi\u00f3n b\u00e1sica sin aplicar parches, por leer los e-mails se pueden ejecutar los ficheros anexados&nbsp;<a href=\"https:\/\/satinfo.es\/web-wp\/index.php\/descargas\/utilidades-de-satinfo\/e-k\/ver-detalles-elibadrt\/\" class=\"read-more\">Continue Reading<\/a><\/p>\n","protected":false},"author":41,"featured_media":0,"parent":702,"menu_order":0,"comment_status":"closed","ping_status":"open","template":"page-fullwidth.php","meta":{"_monsterinsights_skip_tracking":false,"_monsterinsights_sitenote_active":false,"_monsterinsights_sitenote_note":"","_monsterinsights_sitenote_category":0,"footnotes":""},"class_list":["post-1592","page","type-page","status-publish","hentry"],"aioseo_notices":[],"_links":{"self":[{"href":"https:\/\/satinfo.es\/web-wp\/index.php\/wp-json\/wp\/v2\/pages\/1592","targetHints":{"allow":["GET"]}}],"collection":[{"href":"https:\/\/satinfo.es\/web-wp\/index.php\/wp-json\/wp\/v2\/pages"}],"about":[{"href":"https:\/\/satinfo.es\/web-wp\/index.php\/wp-json\/wp\/v2\/types\/page"}],"author":[{"embeddable":true,"href":"https:\/\/satinfo.es\/web-wp\/index.php\/wp-json\/wp\/v2\/users\/41"}],"replies":[{"embeddable":true,"href":"https:\/\/satinfo.es\/web-wp\/index.php\/wp-json\/wp\/v2\/comments?post=1592"}],"version-history":[{"count":0,"href":"https:\/\/satinfo.es\/web-wp\/index.php\/wp-json\/wp\/v2\/pages\/1592\/revisions"}],"up":[{"embeddable":true,"href":"https:\/\/satinfo.es\/web-wp\/index.php\/wp-json\/wp\/v2\/pages\/702"}],"wp:attachment":[{"href":"https:\/\/satinfo.es\/web-wp\/index.php\/wp-json\/wp\/v2\/media?parent=1592"}],"curies":[{"name":"wp","href":"https:\/\/api.w.org\/{rel}","templated":true}]}}