

{"id":1588,"date":"2012-06-13T09:44:58","date_gmt":"2012-06-13T08:44:58","guid":{"rendered":"http:\/\/satinfo.es\/web-wp\/?page_id=1588"},"modified":"2012-06-13T09:44:58","modified_gmt":"2012-06-13T08:44:58","slug":"ver-detalles-dmfread","status":"publish","type":"page","link":"https:\/\/satinfo.es\/web-wp\/index.php\/descargas\/utilidades-de-satinfo\/a-d\/ver-detalles-dmfread\/","title":{"rendered":"Ver detalles dmfread"},"content":{"rendered":"<p style=\"text-align: justify;\"><span style=\"color: #000000;\"><strong><span style=\"text-decoration: underline;\">*DISQUETE ACTUALIZACION DATS4xxx\u00a0\u00a0CON FORMATO ESPECIAL DMF 1M7*<\/span><\/strong><\/span><\/p>\n<p style=\"text-align: justify;\"><span style=\"color: #000000;\">INSTRUCCIONES PARA LECTURA Y COPIA DE DISQUETE CON FORMATO DMF:<\/span><\/p>\n<p style=\"text-align: justify;\"><span style=\"color: #000000;\">El disquete de actualizaci\u00f3n est\u00e1 formateado con el standar DMF de<\/span><\/p>\n<p style=\"text-align: justify;\"><span style=\"color: #000000;\">Microsoft que permite distribuir software que necesita mas capacidad de soporte que el standar b\u00e1sico. Por ello, como que el fichero de cadenas de control de virus (DATS4xxx.ZIP) sobrepasa el tama\u00f1ode 1M4, incluso empaquetado en ZIP, antes de trocear el fichero y enviarlo en varios disquetes, con el engorro para el usuario de tener que ensamblar los trozos en uno solo, as\u00ed como las molestias por el manejo de varios disquetes, vamos a utilizar, mientras sea posible, dado el creciente tama\u00f1o de los DAT al tener que ir controlando cada mes mas virus (ya son mas de 48.250 los que controlamos desde DATS4056), este formato superior DMF, si bien no permite ser duplicado por las herramientas b\u00e1sicas del sistema operativo.\u00a0 \u00a0 \u00a0 \u00a0 \u00a0 \u00a0 \u00a0 \u00a0 \u00a0 \u00a0 \u00a0 \u00a0 \u00a0 \u00a0 \u00a0 \u00a0 \u00a0 \u00a0 \u00a0 \u00a0 \u00a0 \u00a0 \u00a0 \u00a0 \u00a0 \u00a0 \u00a0 \u00a0 \u00a0 \u00a0 \u00a0 \u00a0<\/span><\/p>\n<p style=\"text-align: justify;\"><span style=\"color: #000000;\">Por ello hemos desarrollado la utilidad DMFCOPY.EXE que diskcopiar\u00e1\u00a0exclusivamente este tipo de formato y permitir\u00e1 hacer copias de seguridad o de distribuci\u00f3n (seg\u00fan licencia) del master que enviamos.\u00a0\u00a0\u00a0La utilizaci\u00f3n es muy simple: Insertar el Master en la disquetera A:\u00a0y ejecutar\u00a0\u00a0\u00a0DMFCOPY A: A:\u00a0\u00a0\u00f3\u00a0\u00a0DMFCOPY A: B: si dispone de 2 FDD 3\u00bd.<\/span><\/p>\n<p style=\"text-align: justify;\"><span style=\"color: #000000;\">En el primer caso deber\u00e1 cambiarse el disquete insertado en A: cuando finalice la lectura del Master, y colocar el disquete destino, y\u00a0en el segundo deben colocarse los dos disquetes al mismo tiempo, el\u00a0Master en A: y el destino en B:, e iniciar el proceso.<\/span><\/p>\n<p style=\"text-align: justify;\"><span style=\"color: #000000;\">Con los sistemas operativos actuales ya queda soportada la lectura\u00a0del formato en cuesti\u00f3n, pero para versiones antiguas como MSDOS 6.x,\u00a0es preciso ejecutar el residente DMFREAD.EXE, incluido en el disquete\u00a0de actualizaci\u00f3n. Si bajo dicho sistema operativo se quiere hacer\u00a0copias del disquete, debe cargarse el DMFREAD.EXE, copiar el DMFCOPY.EXE\u00a0a un directorio del disco duro, y tras resetear el equipo, ejecutar el\u00a0DMFCOPY A: A: desde dicho subdirectorio del disco duro.<\/span><\/p>\n<p style=\"text-align: justify;\"><span style=\"color: #000000;\">As\u00ed mismo para ejecutar el AUTOUPDATE bajo MSDOS 6.x deber\u00e1 cargarse la utilidad DMFREAD.EXE, para as\u00ed entender el formato de distribuci\u00f3n.<\/span><\/p>\n<p style=\"text-align: justify;\"><span style=\"color: #000000;\">Si se deseara volver a hacer copias de disquetes con DMFCOPY, teniendo cargado el DMFREAD, deber\u00e1 resetearse el ordenador, para normalizar el BIOS residente, modificado por el DMFREAD.<\/span><\/p>\n<p style=\"text-align: justify;\"><span style=\"color: #000000;\">En el caso de WINDOWS 3.1x, al ser un entorno gr\u00e1fico sobre sistema\u00a0operativo MS DOS, versiones 3, 4, 5 o 6.x, debe procederse como en el\u00a0caso anterior de MSDOS, cargando primero el DMFREAD, para luego entrar\u00a0en WINDOWS y ejecutar el AUTOUPDATE. Es importante precisar que primero debe arrancarse sin entrar en WINDOWS, esto es, en DOS, desde donde debe ejecutarse el DMFREAD, para luego ejecutar WIN y proceder con el AUTOUPDATE. (No funciona el DMFREAD en un shell al DOS desde WINDOWS). Si el ordenador accede directamente a WINDOWS al arrancar, se debe salir de WINDOWS con ALT-F4, o ALT-A y SALIR, y, desde DOS puro, ejecutar el DMFREAD, para luego ejecutar WIN y proceder con el AUTOUPDATE.<\/span><\/p>\n<p style=\"text-align: justify;\"><span style=\"color: #000000;\">Esto es para usuarios que quieran utilizar el disquete que enviamos\u00a0mensualmente. Para los que prefieren actualizarse de nuestra web, y\u00a0descarguen el fichero de DAT&#8217;s en C:\\DATS, ejecutando el AUTOUPDATE\u00a0a continuaci\u00f3n, tendr\u00e1n actualizado igualmente el antivirus.<\/span><\/p>\n<p style=\"text-align: justify;\"><span style=\"color: #000000;\">Confiando que con estas utilidades minimizaremos las molestias al no\u00a0utilizar mas que un disquete, mientras sea posible, para la actualizaci\u00f3n del antivirus, rogamos nos consulten las dudas que surgieran al respecto.<\/span><\/p>\n","protected":false},"excerpt":{"rendered":"<p>*DISQUETE ACTUALIZACION DATS4xxx\u00a0\u00a0CON FORMATO ESPECIAL DMF 1M7* INSTRUCCIONES PARA LECTURA Y COPIA DE DISQUETE CON FORMATO DMF: El disquete de actualizaci\u00f3n est\u00e1 formateado con el standar DMF de Microsoft que permite distribuir software que necesita mas capacidad de soporte que el standar b\u00e1sico. Por ello, como que el fichero de cadenas de control de virus&nbsp;<a href=\"https:\/\/satinfo.es\/web-wp\/index.php\/descargas\/utilidades-de-satinfo\/a-d\/ver-detalles-dmfread\/\" class=\"read-more\">Continue Reading<\/a><\/p>\n","protected":false},"author":41,"featured_media":0,"parent":693,"menu_order":0,"comment_status":"closed","ping_status":"open","template":"page-fullwidth.php","meta":{"_monsterinsights_skip_tracking":false,"_monsterinsights_sitenote_active":false,"_monsterinsights_sitenote_note":"","_monsterinsights_sitenote_category":0,"footnotes":""},"class_list":["post-1588","page","type-page","status-publish","hentry"],"aioseo_notices":[],"_links":{"self":[{"href":"https:\/\/satinfo.es\/web-wp\/index.php\/wp-json\/wp\/v2\/pages\/1588","targetHints":{"allow":["GET"]}}],"collection":[{"href":"https:\/\/satinfo.es\/web-wp\/index.php\/wp-json\/wp\/v2\/pages"}],"about":[{"href":"https:\/\/satinfo.es\/web-wp\/index.php\/wp-json\/wp\/v2\/types\/page"}],"author":[{"embeddable":true,"href":"https:\/\/satinfo.es\/web-wp\/index.php\/wp-json\/wp\/v2\/users\/41"}],"replies":[{"embeddable":true,"href":"https:\/\/satinfo.es\/web-wp\/index.php\/wp-json\/wp\/v2\/comments?post=1588"}],"version-history":[{"count":0,"href":"https:\/\/satinfo.es\/web-wp\/index.php\/wp-json\/wp\/v2\/pages\/1588\/revisions"}],"up":[{"embeddable":true,"href":"https:\/\/satinfo.es\/web-wp\/index.php\/wp-json\/wp\/v2\/pages\/693"}],"wp:attachment":[{"href":"https:\/\/satinfo.es\/web-wp\/index.php\/wp-json\/wp\/v2\/media?parent=1588"}],"curies":[{"name":"wp","href":"https:\/\/api.w.org\/{rel}","templated":true}]}}