

{"id":1577,"date":"2012-06-13T09:36:28","date_gmt":"2012-06-13T08:36:28","guid":{"rendered":"http:\/\/satinfo.es\/web-wp\/?page_id=1577"},"modified":"2012-06-13T09:36:28","modified_gmt":"2012-06-13T08:36:28","slug":"ver-detalles-descboot-exe","status":"publish","type":"page","link":"https:\/\/satinfo.es\/web-wp\/index.php\/descargas\/utilidades-de-satinfo\/a-d\/ver-detalles-descboot-exe\/","title":{"rendered":"Ver detalles descboot.exe"},"content":{"rendered":"<p style=\"text-align: justify;\"><span style=\"color: #000000;\"><strong><span style=\"text-decoration: underline;\">PANTALLA DE AYUDA SOBRE PROTBOOT Y SUCEDANEOS:SYSBOOT Y DESCBOOT<\/span><\/strong><\/span><\/p>\n<p style=\"text-align: justify;\"><span style=\"color: #000000;\">La utilidad PROTBOOT la recomendamos para sustituir el BOOT de un disquete infectado por otro que, adem\u00e1s de eliminar el virus, detecta si a posteriori el BOOT del disquete ha sido modificado (posiblemente infectado), pero no tendr\u00e1n arranque. \u00a0 \u00a0 \u00a0\u00a0<\/span><\/p>\n<p style=\"text-align: justify;\"><span style=\"color: #000000;\">Ante la solicitud de usuarios de disponer de una utilidad que limpiara virus de BOOT, pero dejara el BOOT normal del DOS(versi\u00f3n 6.0\/6.2\/6.22) hemos realizado el nuevo programa SYSBOOT que funciona igual que el anterior pero implantando un BOOT del DOS, si bien este no tendr\u00e1 comprobaci\u00f3n de integridad. \u00a0 \u00a0 \u00a0\u00a0<\/span><\/p>\n<p style=\"text-align: justify;\"><span style=\"color: #000000;\">Por \u00faltimo y dado que otro importante grupo de usuarios han pedido que el BOOT implantado sirva para arrancar desde C:, sin tener que resetear el PC cuando se arranca con un disquete sin sistema en la disquetera A:, ofrecemos el DESCBOOT, que eliminar\u00e1 los virus de BOOT y\/o sustituir\u00e1 el BOOT inicial del disquete por uno nuevo que redireccionar\u00e1 el arranque desde C: \u00a0 \u00a0 \u00a0 \u00a0 \u00a0 \u00a0 \u00a0\u00a0<\/span><\/p>\n<p style=\"text-align: justify;\"><span style=\"color: #000000;\">Recomendamos el uso de cualquiera de estas utilidades, no s\u00f3lo para disquetes con BOOT v\u00edrico sino tambi\u00e9n para procesar disquetes nuevos preformateados, y eliminar el riesgo de los originalmente infectados.<\/span><\/p>\n","protected":false},"excerpt":{"rendered":"<p>PANTALLA DE AYUDA SOBRE PROTBOOT Y SUCEDANEOS:SYSBOOT Y DESCBOOT La utilidad PROTBOOT la recomendamos para sustituir el BOOT de un disquete infectado por otro que, adem\u00e1s de eliminar el virus, detecta si a posteriori el BOOT del disquete ha sido modificado (posiblemente infectado), pero no tendr\u00e1n arranque. \u00a0 \u00a0 \u00a0\u00a0 Ante la solicitud de usuarios&nbsp;<a href=\"https:\/\/satinfo.es\/web-wp\/index.php\/descargas\/utilidades-de-satinfo\/a-d\/ver-detalles-descboot-exe\/\" class=\"read-more\">Continue Reading<\/a><\/p>\n","protected":false},"author":41,"featured_media":0,"parent":693,"menu_order":0,"comment_status":"closed","ping_status":"open","template":"page-fullwidth.php","meta":{"_monsterinsights_skip_tracking":false,"_monsterinsights_sitenote_active":false,"_monsterinsights_sitenote_note":"","_monsterinsights_sitenote_category":0,"footnotes":""},"class_list":["post-1577","page","type-page","status-publish","hentry"],"aioseo_notices":[],"_links":{"self":[{"href":"https:\/\/satinfo.es\/web-wp\/index.php\/wp-json\/wp\/v2\/pages\/1577","targetHints":{"allow":["GET"]}}],"collection":[{"href":"https:\/\/satinfo.es\/web-wp\/index.php\/wp-json\/wp\/v2\/pages"}],"about":[{"href":"https:\/\/satinfo.es\/web-wp\/index.php\/wp-json\/wp\/v2\/types\/page"}],"author":[{"embeddable":true,"href":"https:\/\/satinfo.es\/web-wp\/index.php\/wp-json\/wp\/v2\/users\/41"}],"replies":[{"embeddable":true,"href":"https:\/\/satinfo.es\/web-wp\/index.php\/wp-json\/wp\/v2\/comments?post=1577"}],"version-history":[{"count":0,"href":"https:\/\/satinfo.es\/web-wp\/index.php\/wp-json\/wp\/v2\/pages\/1577\/revisions"}],"up":[{"embeddable":true,"href":"https:\/\/satinfo.es\/web-wp\/index.php\/wp-json\/wp\/v2\/pages\/693"}],"wp:attachment":[{"href":"https:\/\/satinfo.es\/web-wp\/index.php\/wp-json\/wp\/v2\/media?parent=1577"}],"curies":[{"name":"wp","href":"https:\/\/api.w.org\/{rel}","templated":true}]}}