

{"id":1574,"date":"2012-06-13T09:33:48","date_gmt":"2012-06-13T08:33:48","guid":{"rendered":"http:\/\/satinfo.es\/web-wp\/?page_id=1574"},"modified":"2012-06-13T09:33:48","modified_gmt":"2012-06-13T08:33:48","slug":"ver-detalles-corregir-exe","status":"publish","type":"page","link":"https:\/\/satinfo.es\/web-wp\/index.php\/descargas\/utilidades-de-satinfo\/a-d\/ver-detalles-corregir-exe\/","title":{"rendered":"Ver detalles corregir.exe"},"content":{"rendered":"<p style=\"text-align: justify;\"><span style=\"color: #000000;\"><strong><span style=\"text-decoration: underline;\">PANTALLA DE EXPLICACIONES SOBRE PROGRAMA CORREGIR.EXE\/MASTER.DAT<\/span><\/strong><\/span><\/p>\n<p style=\"text-align: justify;\"><span style=\"color: #000000;\">Como ya es muy sabido, algunos virus tienen especial debilidad por afectar el primer sector f\u00edsico de los discos duros, por ser all\u00ed donde reside la informaci\u00f3n de la Tabla de Partici\u00f3n, sin la cual el sistema operativo no reconoce el disco duro y se pierde el acceso a toda la informaci\u00f3n que hubiere en su interior.\u00a0<\/span><\/p>\n<p style=\"text-align: justify;\"><span style=\"color: #000000;\">Como que el acceso y manipulaci\u00f3n de dicha zona es peligroso se advierte que esta utilidad solo debe ejecutarse con conocimiento de causa, y ante todo debe efectuarse una salvaguarda de los datos f\u00edsicos de la tabla de partici\u00f3n a trav\u00e9s de ejecutar SCOPY \/SEGU.\u00a0 \u00a0 \u00a0 \u00a0 \u00a0 \u00a0 \u00a0 \u00a0 \u00a0 \u00a0 \u00a0 \u00a0 \u00a0 \u00a0 \u00a0 \u00a0 \u00a0 \u00a0 \u00a0 \u00a0 \u00a0 \u00a0 \u00a0<\/span><\/p>\n<p style=\"text-align: justify;\"><span style=\"color: #000000;\">El fichero CORREGIR.EXE tiene un help para t\u00e9cnicos que se obtiene entrando CORREGIR \/H, donde poder ver las opciones que pueden utilizarse para manipular convenientemente el MBR. \u00a0\u00a0<\/span><\/p>\n<p style=\"text-align: justify;\"><span style=\"color: #000000;\">Esta utilidad debe utilizarse seguida del fichero de Datos de donde obtener la informaci\u00f3n. Normalmente se usa el MASTER.DAT que es aplicado al entrar CORREGIR MASTER.<\/span><\/p>\n","protected":false},"excerpt":{"rendered":"<p>PANTALLA DE EXPLICACIONES SOBRE PROGRAMA CORREGIR.EXE\/MASTER.DAT Como ya es muy sabido, algunos virus tienen especial debilidad por afectar el primer sector f\u00edsico de los discos duros, por ser all\u00ed donde reside la informaci\u00f3n de la Tabla de Partici\u00f3n, sin la cual el sistema operativo no reconoce el disco duro y se pierde el acceso a&nbsp;<a href=\"https:\/\/satinfo.es\/web-wp\/index.php\/descargas\/utilidades-de-satinfo\/a-d\/ver-detalles-corregir-exe\/\" class=\"read-more\">Continue Reading<\/a><\/p>\n","protected":false},"author":41,"featured_media":0,"parent":693,"menu_order":0,"comment_status":"closed","ping_status":"open","template":"page-fullwidth.php","meta":{"_monsterinsights_skip_tracking":false,"_monsterinsights_sitenote_active":false,"_monsterinsights_sitenote_note":"","_monsterinsights_sitenote_category":0,"footnotes":""},"class_list":["post-1574","page","type-page","status-publish","hentry"],"aioseo_notices":[],"_links":{"self":[{"href":"https:\/\/satinfo.es\/web-wp\/index.php\/wp-json\/wp\/v2\/pages\/1574","targetHints":{"allow":["GET"]}}],"collection":[{"href":"https:\/\/satinfo.es\/web-wp\/index.php\/wp-json\/wp\/v2\/pages"}],"about":[{"href":"https:\/\/satinfo.es\/web-wp\/index.php\/wp-json\/wp\/v2\/types\/page"}],"author":[{"embeddable":true,"href":"https:\/\/satinfo.es\/web-wp\/index.php\/wp-json\/wp\/v2\/users\/41"}],"replies":[{"embeddable":true,"href":"https:\/\/satinfo.es\/web-wp\/index.php\/wp-json\/wp\/v2\/comments?post=1574"}],"version-history":[{"count":0,"href":"https:\/\/satinfo.es\/web-wp\/index.php\/wp-json\/wp\/v2\/pages\/1574\/revisions"}],"up":[{"embeddable":true,"href":"https:\/\/satinfo.es\/web-wp\/index.php\/wp-json\/wp\/v2\/pages\/693"}],"wp:attachment":[{"href":"https:\/\/satinfo.es\/web-wp\/index.php\/wp-json\/wp\/v2\/media?parent=1574"}],"curies":[{"name":"wp","href":"https:\/\/api.w.org\/{rel}","templated":true}]}}