

{"id":157,"date":"2012-02-10T17:35:09","date_gmt":"2012-02-10T16:35:09","guid":{"rendered":"http:\/\/persuadis.net\/blog\/?page_id=157"},"modified":"2026-03-20T14:36:42","modified_gmt":"2026-03-20T13:36:42","slug":"hornetsecurity","status":"publish","type":"page","link":"https:\/\/satinfo.es\/web-wp\/index.php\/productos-2\/hornetsecurity\/","title":{"rendered":"Hornetsecurity"},"content":{"rendered":"<div class=\"wrapper\" style=\"text-align: justify;\">\n<div class=\"one_third \"><h1>NUESTROS PRODUCTOS<\/h1>\n<dl class=\"services\">\n<dt><a class=\"azul\" href=\"..\/mcafee\">Trellix\/McAfee\/Skyhigh<\/a><\/dt>\n<dd><span style=\"color: #000000;\">Software antivirus y soluciones perimetrales<\/span><br \/>\n<a class=\"link_productos\" href=\"..\/mcafee\">Leer m\u00e1s<\/a><\/dd>\n<dt><a class=\"azul\" href=\"https:\/\/satinfo.es\/web-wp\/index.php\/productos-2\/kaspersky\/?preview=true\">KASPERSKY<\/a><\/dt>\n<dd><span style=\"color: #000000;\">Sistemas de protecci\u00f3n contra virus, spam y ataques de hackers<\/span><br \/>\n<a class=\"link_productos\" href=\"https:\/\/satinfo.es\/web-wp\/index.php\/productos-2\/kaspersky\/?preview=true\">Leer m\u00e1s<\/a><\/dd>\n<dt><a class=\"azul\" href=\"https:\/\/satinfo.es\/web-wp\/index.php\/productos-2\/cynet\/\">CYNET<\/a><\/dt>\n<dd><span style=\"color: #000000;\">Ciberseguridad de nueva generaci\u00f3n<\/span><br \/>\n<a class=\"link_productos\" href=\"https:\/\/satinfo.es\/web-wp\/index.php\/productos-2\/cynet\/\">Leer m\u00e1s<\/a><\/dd>\n<dt><a class=\"azul\" href=\"https:\/\/satinfo.es\/web-wp\/index.php\/productos-2\/guardion\/?preview=true\">CENTRIBAL<\/a><\/dt>\n<dd><span style=\"color: #000000;\">Especialista en recuperaci\u00f3n de datos<\/span><br \/>\n<a class=\"link_productos\" href=\"https:\/\/satinfo.es\/web-wp\/index.php\/productos-2\/guardion\/?preview=true\">Leer m\u00e1s<\/a><\/dd>\n<\/dl>\n<dl class=\"services\">\n<dt><a class=\"azul\" href=\"https:\/\/satinfo.es\/web-wp\/index.php\/productos-2\/\">Cat\u00e1logo de productos<\/a><\/dt>\n<dt><a class=\"azul\" href=\"https:\/\/satinfo.es\/web-wp\/index.php\/solicitar-presupuesto\/\">Solicitar presupuesto<\/a><\/dt>\n<\/dl><\/div> <div class=\"two_third last\"><h1>HORNETSECURITY<\/h1>\n<h6>Proteja su mail de correo basura y de virus<\/h6>\n<p class=\"wrapper\"><span style=\"color: #000000;\">S<a href=\"https:\/\/satinfo.es\/web-wp\/wp-content\/uploads\/2020\/06\/logo_hornetsecurity-1240x614-2.png\"><img loading=\"lazy\" decoding=\"async\" class=\"wp-image-11034 alignleft\" src=\"https:\/\/satinfo.es\/web-wp\/wp-content\/uploads\/2020\/06\/logo_hornetsecurity-1240x614-2-300x149.png\" alt=\"\" width=\"181\" height=\"90\" srcset=\"https:\/\/satinfo.es\/web-wp\/wp-content\/uploads\/2020\/06\/logo_hornetsecurity-1240x614-2-300x149.png 300w, https:\/\/satinfo.es\/web-wp\/wp-content\/uploads\/2020\/06\/logo_hornetsecurity-1240x614-2-1024x507.png 1024w, https:\/\/satinfo.es\/web-wp\/wp-content\/uploads\/2020\/06\/logo_hornetsecurity-1240x614-2-768x380.png 768w, https:\/\/satinfo.es\/web-wp\/wp-content\/uploads\/2020\/06\/logo_hornetsecurity-1240x614-2-600x300.png 600w, https:\/\/satinfo.es\/web-wp\/wp-content\/uploads\/2020\/06\/logo_hornetsecurity-1240x614-2.png 1240w\" sizes=\"auto, (max-width: 181px) 100vw, 181px\" \/><\/a>i Vd. es distribuidor de inform\u00e1tica, puede tener acceso a la <strong>ZONA DE DISTRIBUIDORES<\/strong>. Debe solicitarlo enviando un mail a: comercial@satinfo.es<\/span><\/p>\n<h2><\/h2>\n<h2 class=\"margen20\"><span style=\"color: #000000;\">PRODUCTOS<\/span><\/h2>\n<ul>\n<li><strong>VM Backup V9 (\u00a1NUEVO!)<\/strong><\/li>\n<li><strong>Security Awareness Service (\u00a1NUEVO!)<\/strong><\/li>\n<li>365 Total Back up<\/li>\n<li>365 Total Protection<\/li>\n<li>Hornet.Email<\/li>\n<li>Advanced Threat Protection<\/li>\n<li>Spam and Malware Protection<\/li>\n<li>Email Encryption<\/li>\n<li>Continuity Service<\/li>\n<li>Signature and Disclaimer<\/li>\n<li>Archiving<\/li>\n<\/ul>\n<h6 class=\"azul\">VM Backup V9 (\u00a1NUEVO!)<\/h6>\n<p><span style=\"color: #000000;\">VM Backup es una soluci\u00f3n de copia de seguridad y replicaci\u00f3n potente, fiable y f\u00e1cil de usar para las m\u00e1quinas virtuales (VMs) <\/span><span style=\"color: #000000;\">de Microsoft Hyper-V y VMware y los servidores f\u00edsicos de Windows para protegerlos contra la p\u00e9rdida de datos en las empresas.\u00a0<\/span><\/p>\n<p><a href=\"https:\/\/satinfo.es\/web-wp\/wp-content\/uploads\/2023\/05\/Fact_Sheet_VM_Backup_ES-SAT.pdf\" target=\"_blank\" rel=\"noopener\"><span style=\"color: #000000;\">Folleto VM Backup V9<\/span><\/a><\/p>\n<h6 class=\"azul\">Security Awareness Service (\u00a1NUEVO!)<\/h6>\n<p><span style=\"color: #000000;\">Security Awareness Service entrena a tus empleados con simulaciones realistas de spear phishing y una formaci\u00f3n apoyada en<\/span><br \/>\n<span style=\"color: #000000;\">Inteligencia Artificial que refuerza la concienciaci\u00f3n sobre los riesgos y las amenazas en ciberseguridad. De esta manera, aprenden a protegerse eficazmente a s\u00ed mismos y a la empresa. Totalmente automatizada y de f\u00e1cil manejo.<\/span><\/p>\n<p><a href=\"https:\/\/satinfo.es\/web-wp\/wp-content\/uploads\/2023\/05\/Security-Awareness-Service-ES-SAT.pdf\" target=\"_blank\" rel=\"noopener\"><span style=\"color: #000000;\">Folleto\u00a0Security Awareness Service<\/span><\/a><\/p>\n<h6 class=\"azul\">365 Total Back Up<\/h6>\n<p><span style=\"color: #000000;\">Hornetsecurity 365 Total Backup realiza una copia de seguridad de los buzones de correo de Microsoft 365 de los usuarios y grupos, de los chats de Teams y de todos los archivos compartidos, incluidas las grabaciones de las reuniones de Teams y los archivos almacenados en OneDrive, las bibliotecas de documentos de SharePoint y los Endpoints de Windows. Las copias de seguridad del buz\u00f3n incluyen todos los correos electr\u00f3nicos, archivos adjuntos, calendarios y contactos del buz\u00f3n de un usuario.\u00a0<\/span><\/p>\n<p><a href=\"https:\/\/satinfo.es\/web-wp\/wp-content\/uploads\/2021\/09\/2021-08-24_Factsheet_365_TBEP_ES.pdf\" target=\"_blank\" rel=\"noopener noreferrer\">Folleto 365 Total Back Up<\/a><\/p>\n<h6 class=\"azul\">365 Total Protection<\/h6>\n<p><span style=\"color: #000000;\">Para gestionar la seguridad de Microsoft 365 en su empresa le ofrecen dos paquetes completos: Con 365 Total Protection Business, obtendr\u00e1 una soluci\u00f3n de seguridad integral con una amplia gama de caracter\u00edsticas que garantizan la seguridad de su correo electr\u00f3nico y sus datos en Microsoft 365. La versi\u00f3n Enterprise incluye funciones avanzadas para archivar correos electr\u00f3nicos conforme a la legalidad y ofrece una protecci\u00f3n inteligente contra amenazas persistentes avanzadas mediante el uso de mecanismos de an\u00e1lisis basados en inteligencia artificial. <\/span><\/p>\n<p><a href=\"https:\/\/satinfo.es\/web-wp\/wp-content\/uploads\/2020\/09\/document-fact-sheet-365-total-protection-es.pdf\" target=\"_blank\" rel=\"noopener noreferrer\">Folleto 365 Total Protection<\/a><\/p>\n<h6 class=\"azul\">Hornet.Email<\/h6>\n<p><span style=\"color: #000000;\">La plataforma de comunicaciones corporativas &#8211; basada en la nube &#8211; con el filtro m\u00e1s eficiente del mercado, directamente integrado, para proteger a tu empresa contra spam y malware. El entorno de correo electr\u00f3nico y colaboraci\u00f3n, compuesto por buz\u00f3n, calendario y directorio, ofrece a los usuarios la m\u00e1xima protecci\u00f3n contra spam, suplantaci\u00f3n de identidad (spoofing) y otras ciberamenazas con m\u00faltiples niveles de seguridad y an\u00e1lisis basados en inteligencia artificial. Adem\u00e1s, protege a los usuarios no s\u00f3lo de las molestas cantidades de spam, sino tambi\u00e9n de las infecciones por ransomware o del espionaje digital.<\/span><\/p>\n<p><a href=\"https:\/\/satinfo.es\/web-wp\/wp-content\/uploads\/2020\/06\/document-hornet.email-factsheet-es.pdf\" target=\"_blank\" rel=\"noopener noreferrer\">Hornet.Email<\/a><\/p>\n<h6 class=\"azul\">Advanced Threat Protection<\/h6>\n<p><span style=\"color: #000000;\">El riesgo de un ataque cibern\u00e9tico de secuestro de datos, fraude del CEO y troyanos aumenta cada vez m\u00e1s. Protege tu empresa de los devastadores ataques de malware con lAdvanced Threat Protection (ATP).<\/span><\/p>\n<p><a href=\"https:\/\/satinfo.es\/web-wp\/wp-content\/uploads\/2020\/06\/document-fact-sheet-advanced-threat-protection-es.pdf\" data-wp-editing=\"1\">Folleto Advanced Threat Protection<\/a><\/p>\n<h6 class=\"azul\">Spam and Malware Protection<\/h6>\n<p><span style=\"color: #000000;\">El spam, que representa m\u00e1s del 50 % de todo el tr\u00e1fico de correo electr\u00f3nico, es el m\u00e9todo m\u00e1s intrusivo con que los ciberdelincuentes intentan introducir malware y virus en los sistemas corporativos. La amplia gama de funciones y los mecanismos de filtro de protecci\u00f3n contra spam y malware mantienen tu buz\u00f3n libre de molestos y da\u00f1inos mensajes de spam.<\/span><\/p>\n<p><a href=\"https:\/\/satinfo.es\/web-wp\/wp-content\/uploads\/2020\/06\/document-fact-sheet-spam-and-malware-protection-es.pdf\" target=\"_blank\" rel=\"noopener noreferrer\" data-wp-editing=\"1\">Folleto Spam and Malware Protection<\/a><\/p>\n<h6 class=\"azul\">Email Encryption<\/h6>\n<p><span style=\"color: #000000;\">Los correos electr\u00f3nicos comerciales suelen contener contenidos internos de la empresa, personales u otro tipo de contenidos sensibles que pueden ser interceptados y espiados si no se protegen adecuadamente. Con Email Encryption, la informaci\u00f3n confidencial de la comunicaci\u00f3n por correo electr\u00f3nico se cifra de manera eficaz y segura.<\/span><\/p>\n<p><a href=\"https:\/\/satinfo.es\/web-wp\/wp-content\/uploads\/2020\/06\/document-fact-email-encryption-es.pdf\" target=\"_blank\" rel=\"noopener noreferrer\" data-wp-editing=\"1\">Folleto Email Encryption<\/a><\/p>\n<h6 class=\"azul\">Continuity Service<\/h6>\n<p class=\"wrapper\"><span style=\"color: #000000;\">Como principal canal de comunicaci\u00f3n para el intercambio de datos e informaci\u00f3n, es indispensable que la comunicaci\u00f3n por correo electr\u00f3nico funcione correctamente. En caso de fallo de los servidores de correo de la empresa, Continuity Service garantiza la disponibilidad continuada del tr\u00e1fico de correo electr\u00f3nico en cuesti\u00f3n de segundos.<\/span><\/p>\n<p><a href=\"https:\/\/satinfo.es\/web-wp\/wp-content\/uploads\/2020\/06\/document-fact-sheet-continuity-service-es.pdf\" target=\"_blank\" rel=\"noopener noreferrer\">Folleto Continuity Service<\/a><\/p>\n<h6 class=\"azul\">\u00a0Signature and Disclaimer<\/h6>\n<p><span style=\"color: #000000;\">Desde el punto de vista comercial, cada correo electr\u00f3nico saliente de una empresa es tan importante como una tarjeta de visita. Por lo tanto, una presentaci\u00f3n uniforme y leg\u00edtima es imprescindible. Crea de manera r\u00e1pida y sencilla firmas de correo electr\u00f3nico y disclaimers que se integren en los correos de tu empresa.<\/span><\/p>\n<p class=\"wrapper\" style=\"text-align: justify;\"><a href=\"https:\/\/satinfo.es\/web-wp\/wp-content\/uploads\/2020\/06\/document-fact-sheet-signature-and-disclaimer-es.pdf\" target=\"_blank\" rel=\"noopener noreferrer\" data-wp-editing=\"1\">Folleto Signature and Disclaimer<\/a><\/p>\n<h6 class=\"azul\">Archiving<\/h6>\n<p><span style=\"color: #000000;\">Seg\u00fan la norma alemana GoBD, los correos electr\u00f3nicos comerciales deben archivarse durante un plazo de retenci\u00f3n y ser accesibles para las autoridades competentes. El almacenamiento seguro y fiable tambi\u00e9n es esencial para acceder a informaci\u00f3n importante en una fecha posterior. Archiving garantiza un archivo de correos electr\u00f3nico conforme a la legalidad, totalmente automatizado y a prueba de auditor\u00edas.<\/span><\/p>\n<p class=\"wrapper\"><a href=\"https:\/\/satinfo.es\/web-wp\/wp-content\/uploads\/2020\/06\/document-fact-sheet-archiving-es.pdf\" target=\"_blank\" rel=\"noopener noreferrer\" data-wp-editing=\"1\">Folleto Achiving<\/a><\/p><\/div><div class=\"clear\"><\/div>\n<\/div>\n","protected":false},"excerpt":{"rendered":"","protected":false},"author":41,"featured_media":0,"parent":118,"menu_order":0,"comment_status":"closed","ping_status":"closed","template":"page-fullwidth.php","meta":{"_monsterinsights_skip_tracking":false,"_monsterinsights_sitenote_active":false,"_monsterinsights_sitenote_note":"","_monsterinsights_sitenote_category":0,"footnotes":""},"class_list":["post-157","page","type-page","status-publish","hentry"],"aioseo_notices":[],"_links":{"self":[{"href":"https:\/\/satinfo.es\/web-wp\/index.php\/wp-json\/wp\/v2\/pages\/157","targetHints":{"allow":["GET"]}}],"collection":[{"href":"https:\/\/satinfo.es\/web-wp\/index.php\/wp-json\/wp\/v2\/pages"}],"about":[{"href":"https:\/\/satinfo.es\/web-wp\/index.php\/wp-json\/wp\/v2\/types\/page"}],"author":[{"embeddable":true,"href":"https:\/\/satinfo.es\/web-wp\/index.php\/wp-json\/wp\/v2\/users\/41"}],"replies":[{"embeddable":true,"href":"https:\/\/satinfo.es\/web-wp\/index.php\/wp-json\/wp\/v2\/comments?post=157"}],"version-history":[{"count":0,"href":"https:\/\/satinfo.es\/web-wp\/index.php\/wp-json\/wp\/v2\/pages\/157\/revisions"}],"up":[{"embeddable":true,"href":"https:\/\/satinfo.es\/web-wp\/index.php\/wp-json\/wp\/v2\/pages\/118"}],"wp:attachment":[{"href":"https:\/\/satinfo.es\/web-wp\/index.php\/wp-json\/wp\/v2\/media?parent=157"}],"curies":[{"name":"wp","href":"https:\/\/api.w.org\/{rel}","templated":true}]}}