

{"id":1561,"date":"2012-06-13T09:12:54","date_gmt":"2012-06-13T08:12:54","guid":{"rendered":"http:\/\/satinfo.es\/web-wp\/?page_id=1561"},"modified":"2012-06-13T09:12:54","modified_gmt":"2012-06-13T08:12:54","slug":"ver-detalles-contatel-exe","status":"publish","type":"page","link":"https:\/\/satinfo.es\/web-wp\/index.php\/descargas\/utilidades-de-satinfo\/a-d\/ver-detalles-contatel-exe\/","title":{"rendered":"Ver detalles contatel.exe"},"content":{"rendered":"<p style=\"text-align: justify;\"><span style=\"color: #000000;\"><strong><span style=\"text-decoration: underline;\">PANTALLA DE INFORMACION SOBRE PROGRAMA CONTATEL, UTIL EN TELECOM<\/span><\/strong><\/span><\/p>\n<p style=\"text-align: justify;\"><span style=\"color: #000000;\">Es muy conocido un virus espa\u00f1ol (al parecer hecho por un grupo de hackers denominado HOLOKAUSTO, de la Sagrera, BARCELONA)inicialmente denominado ANTITEL y mas tarde identificado internacionalmente como TELECOM, que al cabo de 333 o 400 arranques con la Tabla de Partici\u00f3n infectada por este virus, sobreescribe la zona de datos del disco duro, perdi\u00e9ndose toda la informaci\u00f3n l\u00f3gica, con el consiguiente transtorno para los usuarios afectados.<\/span><\/p>\n<p style=\"text-align: justify;\"><span style=\"color: #000000;\">Como sea que este virus afecta independiente de la plataforma utilizada, no solo DOS \u00f3 WINDOWS en estaciones de trabajo, sino servers de UNIX, XENIX, NOVELL, etc, independientemente del sistema operativo de \u00abmoda\u00bb, este virus est\u00e1 sobreviviendo a otros.<\/span><\/p>\n<p style=\"text-align: justify;\"><span style=\"color: #000000;\">Por ello hemos hecho el programa CONTATEL, que permite visualizar el n\u00famero de arranques tope y el que queda antes de la activaci\u00f3n de su bomba l\u00f3gica. Para su uso simplemente debe ejecutarse CONTATEL para conocer su estado en disco duro, o seguido de la letra de la unidad de disquete para saber las veces que ha infectado un disquete. Ello puede servir para saber cuando entr\u00f3 el virus o de d\u00f3nde vino.<\/span><\/p>\n","protected":false},"excerpt":{"rendered":"<p>PANTALLA DE INFORMACION SOBRE PROGRAMA CONTATEL, UTIL EN TELECOM Es muy conocido un virus espa\u00f1ol (al parecer hecho por un grupo de hackers denominado HOLOKAUSTO, de la Sagrera, BARCELONA)inicialmente denominado ANTITEL y mas tarde identificado internacionalmente como TELECOM, que al cabo de 333 o 400 arranques con la Tabla de Partici\u00f3n infectada por este virus,&nbsp;<a href=\"https:\/\/satinfo.es\/web-wp\/index.php\/descargas\/utilidades-de-satinfo\/a-d\/ver-detalles-contatel-exe\/\" class=\"read-more\">Continue Reading<\/a><\/p>\n","protected":false},"author":41,"featured_media":0,"parent":693,"menu_order":0,"comment_status":"closed","ping_status":"open","template":"page-fullwidth.php","meta":{"_monsterinsights_skip_tracking":false,"_monsterinsights_sitenote_active":false,"_monsterinsights_sitenote_note":"","_monsterinsights_sitenote_category":0,"footnotes":""},"class_list":["post-1561","page","type-page","status-publish","hentry"],"aioseo_notices":[],"_links":{"self":[{"href":"https:\/\/satinfo.es\/web-wp\/index.php\/wp-json\/wp\/v2\/pages\/1561","targetHints":{"allow":["GET"]}}],"collection":[{"href":"https:\/\/satinfo.es\/web-wp\/index.php\/wp-json\/wp\/v2\/pages"}],"about":[{"href":"https:\/\/satinfo.es\/web-wp\/index.php\/wp-json\/wp\/v2\/types\/page"}],"author":[{"embeddable":true,"href":"https:\/\/satinfo.es\/web-wp\/index.php\/wp-json\/wp\/v2\/users\/41"}],"replies":[{"embeddable":true,"href":"https:\/\/satinfo.es\/web-wp\/index.php\/wp-json\/wp\/v2\/comments?post=1561"}],"version-history":[{"count":0,"href":"https:\/\/satinfo.es\/web-wp\/index.php\/wp-json\/wp\/v2\/pages\/1561\/revisions"}],"up":[{"embeddable":true,"href":"https:\/\/satinfo.es\/web-wp\/index.php\/wp-json\/wp\/v2\/pages\/693"}],"wp:attachment":[{"href":"https:\/\/satinfo.es\/web-wp\/index.php\/wp-json\/wp\/v2\/media?parent=1561"}],"curies":[{"name":"wp","href":"https:\/\/api.w.org\/{rel}","templated":true}]}}