

{"id":1551,"date":"2012-06-13T08:33:54","date_gmt":"2012-06-13T07:33:54","guid":{"rendered":"http:\/\/satinfo.es\/web-wp\/?page_id=1551"},"modified":"2012-06-13T09:14:57","modified_gmt":"2012-06-13T08:14:57","slug":"ver-detalles-automat-com","status":"publish","type":"page","link":"https:\/\/satinfo.es\/web-wp\/index.php\/descargas\/utilidades-de-satinfo\/a-d\/ver-detalles-automat-com\/","title":{"rendered":"Ver detalles automat.com"},"content":{"rendered":"<p style=\"text-align: justify;\"><span style=\"color: #000000;\">PANTALLA DE EXPLICACIONES PROCESO AUTOMAT.COM (SAVPART+CORREGIR)<\/span><\/p>\n<p style=\"text-align: justify;\"><span style=\"color: #000000;\">Como sea que el proceso CORREGIR MASTER implica el que el MBR (MASTER BOOT RECORD o sector de la tabla de partici\u00f3n) ser\u00e1 machacado en la parte del programa, por el correspondiente a una Tabla de Partici\u00f3n est\u00e1ndar DOS, pudiendo no ser procedente en algunos casos en que dicho sector no sea normal DOS, sino NOVELL, UNIX. XENIX, PROLOGUE, STACKER, OS2, etc, hemos creado la utilidad autom\u00e1tica \u00abAUTOMAT.COM\u00bb que primero salvar\u00e1 la partici\u00f3n actual en un disquette situado en unidad A: (con el SAVPART), y luego reescribir\u00e1 dicho programa del MASTER BOOT RECORD.<\/span><\/p>\n<p style=\"text-align: justify;\"><span style=\"color: #000000;\">Con ello se eliminan todos los virus de partici\u00f3n, pero puede ser que el ordenador no entienda la nueva tabla, siendo f\u00e1cilmente restituida la antigua mediante el proceso RESTPART, seg\u00fan se explica en la pantalla PARTICION, gracias a tenerla salvada en disquette por la operaci\u00f3n anterior.<\/span><\/p>\n<p style=\"text-align: justify;\"><span style=\"color: #000000;\">Todo ello se consigue simplemente introduciendo un disquette formateado en la unidad A: y desde el directorio C:\\NETA\\SCAN\\ ejecutar la instrucci\u00f3n AUTOMAT.COM.<\/span><\/p>\n","protected":false},"excerpt":{"rendered":"<p>PANTALLA DE EXPLICACIONES PROCESO AUTOMAT.COM (SAVPART+CORREGIR) Como sea que el proceso CORREGIR MASTER implica el que el MBR (MASTER BOOT RECORD o sector de la tabla de partici\u00f3n) ser\u00e1 machacado en la parte del programa, por el correspondiente a una Tabla de Partici\u00f3n est\u00e1ndar DOS, pudiendo no ser procedente en algunos casos en que dicho&nbsp;<a href=\"https:\/\/satinfo.es\/web-wp\/index.php\/descargas\/utilidades-de-satinfo\/a-d\/ver-detalles-automat-com\/\" class=\"read-more\">Continue Reading<\/a><\/p>\n","protected":false},"author":41,"featured_media":0,"parent":693,"menu_order":0,"comment_status":"closed","ping_status":"open","template":"page-fullwidth.php","meta":{"_monsterinsights_skip_tracking":false,"_monsterinsights_sitenote_active":false,"_monsterinsights_sitenote_note":"","_monsterinsights_sitenote_category":0,"footnotes":""},"class_list":["post-1551","page","type-page","status-publish","hentry"],"aioseo_notices":[],"_links":{"self":[{"href":"https:\/\/satinfo.es\/web-wp\/index.php\/wp-json\/wp\/v2\/pages\/1551","targetHints":{"allow":["GET"]}}],"collection":[{"href":"https:\/\/satinfo.es\/web-wp\/index.php\/wp-json\/wp\/v2\/pages"}],"about":[{"href":"https:\/\/satinfo.es\/web-wp\/index.php\/wp-json\/wp\/v2\/types\/page"}],"author":[{"embeddable":true,"href":"https:\/\/satinfo.es\/web-wp\/index.php\/wp-json\/wp\/v2\/users\/41"}],"replies":[{"embeddable":true,"href":"https:\/\/satinfo.es\/web-wp\/index.php\/wp-json\/wp\/v2\/comments?post=1551"}],"version-history":[{"count":0,"href":"https:\/\/satinfo.es\/web-wp\/index.php\/wp-json\/wp\/v2\/pages\/1551\/revisions"}],"up":[{"embeddable":true,"href":"https:\/\/satinfo.es\/web-wp\/index.php\/wp-json\/wp\/v2\/pages\/693"}],"wp:attachment":[{"href":"https:\/\/satinfo.es\/web-wp\/index.php\/wp-json\/wp\/v2\/media?parent=1551"}],"curies":[{"name":"wp","href":"https:\/\/api.w.org\/{rel}","templated":true}]}}