

{"id":131,"date":"2012-02-09T13:15:38","date_gmt":"2012-02-09T12:15:38","guid":{"rendered":"http:\/\/persuadis.net\/blog\/?page_id=131"},"modified":"2026-03-20T14:32:07","modified_gmt":"2026-03-20T13:32:07","slug":"mcafee","status":"publish","type":"page","link":"https:\/\/satinfo.es\/web-wp\/index.php\/productos-2\/mcafee\/","title":{"rendered":"Trellix\/McAfee\/Skyhigh"},"content":{"rendered":"<div class=\"one_third \"><h1>NUESTROS PRODUCTOS<\/h1>\n<dl class=\"services\">\n<dt><a class=\"azul\" href=\"https:\/\/satinfo.es\/web-wp\/index.php\/productos-2\/kaspersky\/?preview=true\">KASPERSKY<\/a><\/dt>\n<dd><span style=\"color: #000000;\">Sistemas de protecci\u00f3n contra virus, spam y ataques de hackers<\/span><br \/>\n<a class=\"link_productos\" href=\"https:\/\/satinfo.es\/web-wp\/index.php\/productos-2\/kaspersky\/?preview=true\">Leer m\u00e1s<\/a><\/dd>\n<dt><a class=\"azul\" href=\"https:\/\/satinfo.es\/web-wp\/index.php\/productos-2\/cynet\/\">CYNET<\/a><\/dt>\n<dd><span style=\"color: #000000;\">Ciberseguridad de nueva generaci\u00f3n<\/span><br \/>\n<a class=\"link_productos\" href=\"https:\/\/satinfo.es\/web-wp\/index.php\/productos-2\/cynet\/\">Leer m\u00e1s<\/a><\/dd>\n<dt><a class=\"azul\" href=\"https:\/\/satinfo.es\/web-wp\/index.php\/productos-2\/hornetsecurity\/\">Hornetsecurity<\/a><\/dt>\n<dd><span style=\"color: #000000;\">Proteja su mail de correo basura y de virus<\/span><br \/>\n<a class=\"link_productos\" href=\"https:\/\/satinfo.es\/web-wp\/index.php\/productos-2\/hornetsecurity\/\">Leer m\u00e1s<\/a><\/dd>\n<dt><a class=\"azul\" href=\"https:\/\/satinfo.es\/web-wp\/index.php\/productos-2\/guardion\/?preview=true\">CENTRIBAL<\/a><\/dt>\n<dd><span style=\"color: #000000;\">Especialista en recuperaci\u00f3n de datos<\/span><br \/>\n<a class=\"link_productos\" href=\"https:\/\/satinfo.es\/web-wp\/index.php\/productos-2\/guardion\/?preview=true\">Leer m\u00e1s<\/a><\/dd>\n<\/dl>\n<dl class=\"services\">\n<dt><a class=\"azul\" href=\"https:\/\/satinfo.es\/web-wp\/index.php\/productos-2\/\">Cat\u00e1logo de productos<\/a><\/dt>\n<dt><a class=\"azul\" href=\"https:\/\/satinfo.es\/web-wp\/index.php\/solicitar-presupuesto\/\">Solicitar presupuesto<\/a><\/dt>\n<\/dl><\/div> <div class=\"two_third last\"><h1>TRELLIX\/MCAFEE\/SKYHIGH<\/h1>\n<h6>Software antivirus y soluciones perimetrales.<\/h6>\n<p class=\"wrapper\"><span style=\"color: #000000;\"><a href=\"https:\/\/satinfo.es\/web-wp\/wp-content\/uploads\/2023\/08\/Logos-McTrellhigh.jpg\"><img loading=\"lazy\" decoding=\"async\" class=\"wp-image-13742 alignleft\" src=\"https:\/\/satinfo.es\/web-wp\/wp-content\/uploads\/2023\/08\/Logos-McTrellhigh.jpg\" alt=\"\" width=\"129\" height=\"138\" \/><\/a><\/span><span style=\"color: #000000;\">Si Vd. es distribuidor de inform\u00e1tica, puede tener acceso a la <strong>ZONA DE DISTRIBUIDORES<\/strong>. Debe solicitarlo enviando un mail a: comercial@satinfo.es<\/span><\/p>\n<p>&nbsp;<\/p>\n<h2 class=\"wrapper\"><span style=\"color: #ff0000;\">*Contenido en actualizaci\u00f3n<\/span><\/h2>\n<h2>MENU<\/h2>\n<p><span style=\"color: #800000; font-family: Calibri, sans-serif;\"><u><b>CONSOLAS DE GESTI\u00d3N<\/b><\/u><\/span><\/p>\n<p><strong><span style=\"color: #000000; font-family: Calibri, sans-serif;\">&#8211; Trellix ePolicy Orchestrator (ePO) on-premise or AWS: <\/span><\/strong><span style=\"color: #000000; font-family: Calibri, sans-serif;\">Plataforma de gesti\u00f3n de seguridad centralizada para orquestar y gestionar todos sus endpoints.<\/span><\/p>\n<p><strong><span style=\"color: #000000; font-family: Calibri, sans-serif;\">&#8211; Trellix MVISION EDR (SaaS): <\/span><\/strong><span style=\"color: #000000; font-family: Calibri, sans-serif;\">Monitorea la actividad asociada con BlackByte Ransomware y toma nota de las t\u00e9cnicas MITRE y cualquier indicador sospechoso relacionado con la actividad adversaria.<\/span><\/p>\n<p><strong><span style=\"color: #000000; font-family: Calibri, sans-serif;\">&#8211; Trellix MVISION ePO (SaaS)<\/span><\/strong><\/p>\n<p><span style=\"color: #800000; font-family: Calibri, sans-serif;\"><u><b>ANTIVIRUS PARA ENDPOINTS<\/b><\/u><\/span><\/p>\n<p><strong><span style=\"color: #000000; font-family: Calibri, sans-serif;\">&#8211; Trellix MVISION Endpoint (Windows 10)\u00a0<\/span><\/strong><\/p>\n<p><strong><span style=\"color: #000000; font-family: Calibri, sans-serif;\">&#8211; Trellix Endpoint Security ENS (Windows 7 &amp; up): <\/span><\/strong><span style=\"color: #000000; font-family: Calibri, sans-serif;\">Trellix Endpoint Security (ENS) se alinea con sus necesidades de seguridad priorizadas, desde prevenir amenazas y buscarlas hasta adaptar los controles de seguridad.<\/span><\/p>\n<p><strong><span style=\"color: #000000; font-family: Calibri, sans-serif;\">&#8211; Trellix Application Control (Windows): <\/span><\/strong><span style=\"color: #000000; font-family: Calibri, sans-serif;\">Aseg\u00farese de que solo las aplicaciones de confianza se ejecuten en dispositivos, servidores y escritorios.<\/span><\/p>\n<p><strong><span style=\"color: #000000; font-family: Calibri, sans-serif;\">&#8211; Trellix Endpoint Security (ENS) for MacOS<\/span><\/strong><\/p>\n<p><strong><span style=\"color: #000000; font-family: Calibri, sans-serif;\">&#8211; Trellix Endpoint Security (ENS) for Linux<\/span><\/strong><\/p>\n<p><span style=\"color: #800000; font-family: Calibri, sans-serif;\"><u><b>PROTECCI\u00d3N AVANZADA (INTELIGENCIA ARTIFICIAL &#8211; EDR Autom\u00e1tico)<\/b><\/u><\/span><\/p>\n<p><strong><span style=\"color: #000000; font-family: Calibri, sans-serif;\">&#8211; Trellix ATP, Real Protect (Windows): <\/span><\/strong><span style=\"color: #000000; font-family: Calibri, sans-serif;\">Aumente la preparaci\u00f3n y la resiliencia para impulsar decisiones m\u00e1s r\u00e1pidas y mejores.<\/span><\/p>\n<p><strong><span style=\"color: #000000; font-family: Calibri, sans-serif;\">&#8211; Trellix ATP, Dynamic Application Containtment (Windows)<\/span><\/strong><\/p>\n<p><strong><span style=\"color: #000000; font-family: Calibri, sans-serif;\">&#8211; Trellix MVISION TIE (Threat Intelligence Exchange): <\/span><\/strong><span style=\"color: #000000; font-family: Calibri, sans-serif;\">Transforme la infraestructura de seguridad en un sistema colaborativo.<\/span><\/p>\n<p><strong><span style=\"color: #000000; font-family: Calibri, sans-serif;\">&#8211; Trellix Data Exchange Layer (DXL): <\/span><\/strong><span style=\"color: #000000; font-family: Calibri, sans-serif;\">I<\/span><span style=\"color: #000000; font-family: Calibri, sans-serif;\">nstantly share threat data to all connected security systems, including third-party solutions.<\/span><\/p>\n<p><span style=\"color: #800000; font-family: Calibri, sans-serif;\"><u><b>EDR FORENSICS<\/b><\/u><\/span><\/p>\n<p><span style=\"color: #000000; font-family: Calibri, sans-serif;\">Minimice el impacto de los ataques de red con la captura de paquetes de alto rendimiento y el an\u00e1lisis de investigaci\u00f3n.<\/span><\/p>\n<p><strong><span style=\"color: #000000; font-family: Calibri, sans-serif;\">&#8211; MITRE att&amp;ck frame work: <\/span><\/strong><span style=\"color: #000000; font-family: Calibri, sans-serif;\">E<\/span><span style=\"color: #000000; font-family: Calibri, sans-serif;\">s una base de conocimiento curada y un modelo para el comportamiento del ciberadversario, que refleja las diversas fases del ciclo de vida de ataque de un adversario y las plataformas a las que se sabe que se dirigen.<\/span><\/p>\n<p><strong><span style=\"color: #000000; font-family: Calibri, sans-serif;\">&#8211; 30-days of historical endpoint data<\/span><\/strong><\/p>\n<p><strong><span style=\"color: #000000; font-family: Calibri, sans-serif;\">&#8211; 90-days of historical endpoint data<\/span><\/strong><\/p>\n<p><span style=\"color: #800000; font-family: Calibri, sans-serif;\"><u><b>MOBILE<\/b><\/u><\/span><\/p>\n<p><strong><span style=\"color: #000000; font-family: Calibri, sans-serif;\">&#8211; Mobile Threat Detection: <\/span><\/strong><span style=\"color: #000000; font-family: Calibri, sans-serif;\">Detecta malware y aplicaciones m\u00f3viles potencialmente da\u00f1inas, as\u00ed como ataques de phishing m\u00f3vil.<\/span><\/p>\n<p><strong><span style=\"color: #000000; font-family: Calibri, sans-serif;\">&#8211; Mobile threat event analysis<\/span><\/strong><\/p>\n<p><strong><span style=\"color: #000000; font-family: Calibri, sans-serif;\">&#8211; Reporting and forensics<\/span><\/strong><\/p>\n<p><strong><span style=\"color: #000000; font-family: Calibri, sans-serif;\">&#8211; Remediation options<\/span><\/strong><\/p>\n<p><strong><span style=\"color: #000000; font-family: Calibri, sans-serif;\">&#8211; Integration with major MDMs<\/span><\/strong><\/p>\n<p><span style=\"color: #800000; font-family: Calibri, sans-serif;\"><u><b>PROTECCI\u00d3N DE DATOS (DLP)<\/b><\/u><\/span><\/p>\n<p><span style=\"color: #000000;\"><span style=\"font-family: Calibri, sans-serif;\">&#8211; <\/span><span style=\"font-family: Calibri, sans-serif;\"><b>Trellix Device Control:<\/b><\/span><span style=\"font-family: Calibri, sans-serif;\"> Protecci\u00f3n de dispositivos extra\u00edbles y seguridad de los datos de los USB.<\/span><\/span><\/p>\n<p><span style=\"color: #000000;\"><span style=\"font-family: Calibri, sans-serif;\">&#8211; <b>Trellix<\/b><\/span><span style=\"font-family: Calibri, sans-serif;\"><b>\u00a0DLP Monitor:<\/b><\/span><span style=\"font-family: Calibri, sans-serif;\"> Supervisa los datos confidenciales en tiempo real para anticiparse a los riesgos.<\/span><\/span><\/p>\n<p><span style=\"color: #000000;\"><span style=\"font-family: Calibri, sans-serif;\">&#8211; <b>Trellix<\/b><\/span><span style=\"font-family: Calibri, sans-serif;\"><b>\u00a0DLP Discover:<\/b><\/span><span style=\"font-family: Calibri, sans-serif;\"> Localiza, clasifica y protege f\u00e1cilmente los datos confidenciales.<\/span><\/span><\/p>\n<p><span style=\"color: #000000;\"><span style=\"font-family: Calibri, sans-serif;\">&#8211; <b>Trellix<\/b><\/span><span style=\"font-family: Calibri, sans-serif;\"><b>\u00a0DLP Endpoint:<\/b><\/span><span style=\"font-family: Calibri, sans-serif;\"> Protecci\u00f3n integrada de datos de Endpoint.<\/span><\/span><\/p>\n<p><span style=\"color: #000000;\"><span style=\"font-family: Calibri, sans-serif;\">&#8211; <b>Trellix<\/b><\/span><span style=\"font-family: Calibri, sans-serif;\"><b>\u00a0DLP Prevent:<\/b><\/span><span style=\"font-family: Calibri, sans-serif;\"> Protege frente a la p\u00e9rdida de datos de correos electr\u00f3nicos, mensajes instant\u00e1neos y en la Web.<\/span><\/span><\/p>\n<p><span style=\"color: #000000;\"><span style=\"font-family: Calibri, sans-serif;\">&#8211; <\/span><span style=\"font-family: Calibri, sans-serif;\"><b>Drive Encryption<\/b><\/span><\/span><\/p>\n<p><span style=\"color: #000000;\"><span style=\"font-family: Calibri, sans-serif;\">&#8211; <\/span><\/span><strong><span style=\"color: #000000;\"><span style=\"font-family: Calibri, sans-serif;\">File &amp; Removable Media Protection<\/span><\/span><\/strong><\/p>\n<p><span style=\"color: #000000;\"><span style=\"font-family: Calibri, sans-serif;\">&#8211; <\/span><\/span><strong><span style=\"color: #000000;\"><span style=\"font-family: Calibri, sans-serif;\">Management of Native Encryption<\/span><\/span><\/strong><\/p>\n<p><strong><span style=\"color: #000000;\"><span style=\"font-family: Calibri, sans-serif;\">&#8211; Skyhigh Security Cloud Access Security Broker (CASB): <\/span><\/span><\/strong><span style=\"color: #000000;\"><span style=\"font-family: Calibri, sans-serif;\">Proporciona una protecci\u00f3n de datos inigualable, controles basados en dispositivos y protecci\u00f3n contra amenazas en l\u00ednea para todas las aplicaciones en la nube que utilizan una soluci\u00f3n en la nube multimodo, todo desde una \u00fanica plataforma.<\/span><\/span><\/p>\n<p><span style=\"color: #800000;\"><u><b><span style=\"font-family: Calibri, sans-serif;\">PRODUCTOS ADICIONALES<\/span><\/b><\/u><\/span><\/p>\n<p><strong><span style=\"color: #000000; font-family: Calibri, sans-serif;\">&#8211; Trellix Security for email Servers\u00a0<\/span><\/strong><\/p>\n<p><strong><span style=\"color: #000000; font-family: Calibri, sans-serif;\">&#8211; Trellix Security for Microsoft SharePoint<\/span><\/strong><\/p>\n<p><strong><span style=\"color: #000000; font-family: Calibri, sans-serif;\">&#8211; TRELLIX Insights (requires ENS 10.7 ePO 5 10 cu7 or MVISION ePO): <\/span><\/strong><span style=\"color: #000000; font-family: Calibri, sans-serif;\">Adel\u00e1ntese al adversario con la primera soluci\u00f3n de seguridad proactiva de este tipo.<\/span><\/p>\n<p>&nbsp;<\/p>\n<p style=\"text-align: justify;\"><\/div><div class=\"clear\"><\/div>\n","protected":false},"excerpt":{"rendered":"","protected":false},"author":41,"featured_media":0,"parent":118,"menu_order":0,"comment_status":"closed","ping_status":"open","template":"page-fullwidth.php","meta":{"_monsterinsights_skip_tracking":false,"_monsterinsights_sitenote_active":false,"_monsterinsights_sitenote_note":"","_monsterinsights_sitenote_category":0,"footnotes":""},"class_list":["post-131","page","type-page","status-publish","hentry"],"aioseo_notices":[],"_links":{"self":[{"href":"https:\/\/satinfo.es\/web-wp\/index.php\/wp-json\/wp\/v2\/pages\/131","targetHints":{"allow":["GET"]}}],"collection":[{"href":"https:\/\/satinfo.es\/web-wp\/index.php\/wp-json\/wp\/v2\/pages"}],"about":[{"href":"https:\/\/satinfo.es\/web-wp\/index.php\/wp-json\/wp\/v2\/types\/page"}],"author":[{"embeddable":true,"href":"https:\/\/satinfo.es\/web-wp\/index.php\/wp-json\/wp\/v2\/users\/41"}],"replies":[{"embeddable":true,"href":"https:\/\/satinfo.es\/web-wp\/index.php\/wp-json\/wp\/v2\/comments?post=131"}],"version-history":[{"count":0,"href":"https:\/\/satinfo.es\/web-wp\/index.php\/wp-json\/wp\/v2\/pages\/131\/revisions"}],"up":[{"embeddable":true,"href":"https:\/\/satinfo.es\/web-wp\/index.php\/wp-json\/wp\/v2\/pages\/118"}],"wp:attachment":[{"href":"https:\/\/satinfo.es\/web-wp\/index.php\/wp-json\/wp\/v2\/media?parent=131"}],"curies":[{"name":"wp","href":"https:\/\/api.w.org\/{rel}","templated":true}]}}