

{"id":12670,"date":"2022-05-02T14:47:11","date_gmt":"2022-05-02T13:47:11","guid":{"rendered":"https:\/\/satinfo.es\/web-wp\/?page_id=12670"},"modified":"2026-03-20T14:34:20","modified_gmt":"2026-03-20T13:34:20","slug":"cynet","status":"publish","type":"page","link":"https:\/\/satinfo.es\/web-wp\/index.php\/productos-2\/cynet\/","title":{"rendered":"Cynet"},"content":{"rendered":"<p class=\"wrapper\" style=\"text-align: justify;\"><div class=\"one_third \"><h1 class=\"wrapper\" style=\"text-align: justify;\">NUESTROS PRODUCTOS<\/h1>\n<div class=\"wrapper\" style=\"text-align: justify;\">\n<dl class=\"services\">\n<dt><a class=\"azul\" href=\"https:\/\/satinfo.es\/web-wp\/index.php\/productos-2\/mcafee\/\">Trellix\/McAfee\/Skyhigh<\/a><\/dt>\n<dd><span style=\"color: #000000;\">Software antivirus y soluciones perimetrales<\/span><br \/>\n<a class=\"link_productos\" href=\"mcafee\">Leer m\u00e1s<\/a><\/dd>\n<dt><a class=\"azul\" href=\"https:\/\/satinfo.es\/web-wp\/index.php\/productos-2\/kaspersky\/?preview=true\">KASPERSKY<\/a><\/dt>\n<dd><span style=\"color: #000000;\">Sistemas de protecci\u00f3n contra virus, spam y ataques de hackers<\/span><br \/>\n<a class=\"link_productos\" href=\"https:\/\/satinfo.es\/web-wp\/index.php\/productos-2\/kaspersky\/?preview=true\">Leer m\u00e1s<\/a><\/dd>\n<dt><a class=\"azul\" href=\"https:\/\/satinfo.es\/web-wp\/index.php\/productos-2\/hornetsecurity\/\">Hornetsecurity<\/a><\/dt>\n<dd><span style=\"color: #000000;\">Proteja su mail de correo basura y de virus.<\/span><br \/>\n<a class=\"link_productos\" href=\"https:\/\/satinfo.es\/web-wp\/index.php\/productos-2\/hornetsecurity\/\">Leer m\u00e1s<\/a><\/dd>\n<dt><a class=\"azul\" href=\"https:\/\/satinfo.es\/web-wp\/index.php\/productos-2\/guardion\/?preview=true\">CENTRIBAL<\/a><\/dt>\n<dd><span style=\"color: #000000;\">Especialista en recuperaci\u00f3n de datos<\/span><br \/>\n<a class=\"link_productos\" href=\"https:\/\/satinfo.es\/web-wp\/index.php\/productos-2\/guardion\/?preview=true\">Leer m\u00e1s<\/a><\/dd>\n<\/dl>\n<dl class=\"services\">\n<dt><a class=\"azul\" href=\"https:\/\/satinfo.es\/web-wp\/index.php\/productos-2\/\">Cat\u00e1logo de productos<\/a><\/dt>\n<dt><a class=\"azul\" href=\"https:\/\/satinfo.es\/web-wp\/index.php\/solicitar-presupuesto\/\">Solicitar presupuesto<\/a><\/dt>\n<dd><\/dd>\n<\/dl>\n<\/div>\n<p>&nbsp;<\/p><\/div> <div class=\"two_third last\"><h1>CYNET<\/h1>\n<h6>Ciberseguridad\u00a0 de nueva generaci\u00f3n<\/h6>\n<p class=\"wrapper\"><span style=\"color: #000000;\"><img loading=\"lazy\" decoding=\"async\" class=\"wp-image-12671 alignleft\" src=\"https:\/\/satinfo.es\/web-wp\/wp-content\/uploads\/2022\/05\/Cynet_RGB_peque-300x75.jpg\" alt=\"\" width=\"192\" height=\"48\" srcset=\"https:\/\/satinfo.es\/web-wp\/wp-content\/uploads\/2022\/05\/Cynet_RGB_peque-300x75.jpg 300w, https:\/\/satinfo.es\/web-wp\/wp-content\/uploads\/2022\/05\/Cynet_RGB_peque-692x175.jpg 692w, https:\/\/satinfo.es\/web-wp\/wp-content\/uploads\/2022\/05\/Cynet_RGB_peque.jpg 700w\" sizes=\"auto, (max-width: 192px) 100vw, 192px\" \/> Si Vd. es distribuidor de inform\u00e1tica, puede tener acceso a la <strong>ZONA DE DISTRIBUIDORES<\/strong>. <\/span><span style=\"color: #000000;\">Debe solicitarlo enviando un mail a: comercial@satinfo.es<\/span><\/p>\n<h2><\/h2>\n<h2>MENU<\/h2>\n<p><span style=\"color: #000000;\">Cynet es una empresa l\u00edder en desarrollo de sistemas de protecci\u00f3n y respuesta ante incidentes de nueva generaci\u00f3n. Ha desarrollado la primera plataforma nativa<\/span><span style=\"color: #000000;\"> aut\u00f3noma de protecci\u00f3n contra filtraciones del mundo, <strong>Cynet 360 AutoXDR<\/strong>. Unifica de forma nativa NGAV, EDR, reglas de detecci\u00f3n de red, reglas UBA y tecnolog\u00edas de enga\u00f1o con una investigaci\u00f3n y reparaci\u00f3n de ataques completamente automatizada de manera \u00fanica e intuitiva. Est\u00e1 respaldada por un servicio 24\/7 sin coste adicional (soluciones Premium y Complete), dise\u00f1adas espec\u00edficamente para equipos de seguridad eficientes, marcando el comienzo de una nueva etapa en ciberseguridad.<\/span><\/p>\n<p><span style=\"color: #000000;\">En Cynet trabajan para que la ciberseguridad compleja y de alto consumo de recursos sea cosa del pasado, con un nuevo enfoque que hace que proteger su organizaci\u00f3n sea f\u00e1cil y sin estr\u00e9s. Seis a\u00f1os despu\u00e9s, con miles de clientes, Cynet permite a las organizaciones de todos los tama\u00f1os poner su seguridad cibern\u00e9tica en piloto autom\u00e1tico y concentrar sus recursos limitados en administrar la seguridad en lugar de operarla.<\/span><\/p>\n<p><strong><span style=\"color: #ff00ff;\"><a style=\"color: #ff00ff;\" href=\"https:\/\/satinfo.es\/web-wp\/wp-content\/uploads\/2024\/11\/Catalogo-Suites-Cynet-CAST.pdf\" target=\"_blank\" rel=\"noopener\">Cat\u00e1logo Suites Cynet (nuevo)<\/a><\/span><\/strong><\/p>\n<p><a href=\"https:\/\/satinfo.es\/web-wp\/wp-content\/uploads\/2022\/05\/Cynet-360-AutoXDR_ES-1.pdf\" target=\"_blank\" rel=\"noopener\"><span style=\"color: #ff00ff;\"><strong>Folleto Cynet 360 Auto XDR (resumen)<\/strong><\/span><\/a><\/p>\n<p><strong><span style=\"color: #ff00ff;\"><a style=\"color: #ff00ff;\" href=\"https:\/\/satinfo.es\/web-wp\/wp-content\/uploads\/2022\/05\/Cynet-Solution-Brief_ES.pdf\" target=\"_blank\" rel=\"noopener\">Cynet 360 Auto XDR (completo)<\/a><\/span><\/strong><\/p>\n<p><strong><span style=\"color: #ff00ff;\"><a style=\"color: #ff00ff;\" href=\"https:\/\/satinfo.es\/web-wp\/wp-content\/uploads\/2022\/05\/CyOps-Cynets-24X7-MDR-Solution-Brief_ES.pdf\" target=\"_blank\" rel=\"noopener\">Folleto CyOps Cynet 24&#215;7 MDR<\/a><\/span><\/strong><\/p>\n<p>&nbsp;<\/p>\n<p><strong><span style=\"color: #000000;\"><em>*Para m\u00e1s informaci\u00f3n, acuda a la Zona de Distribuidores o contacte con nuestro dpto comercial.<\/em><\/span><\/strong><\/p><\/div><div class=\"clear\"><\/div>\n","protected":false},"excerpt":{"rendered":"","protected":false},"author":41,"featured_media":0,"parent":118,"menu_order":0,"comment_status":"closed","ping_status":"closed","template":"page-fullwidth.php","meta":{"_monsterinsights_skip_tracking":false,"_monsterinsights_sitenote_active":false,"_monsterinsights_sitenote_note":"","_monsterinsights_sitenote_category":0,"footnotes":""},"class_list":["post-12670","page","type-page","status-publish","hentry"],"aioseo_notices":[],"_links":{"self":[{"href":"https:\/\/satinfo.es\/web-wp\/index.php\/wp-json\/wp\/v2\/pages\/12670","targetHints":{"allow":["GET"]}}],"collection":[{"href":"https:\/\/satinfo.es\/web-wp\/index.php\/wp-json\/wp\/v2\/pages"}],"about":[{"href":"https:\/\/satinfo.es\/web-wp\/index.php\/wp-json\/wp\/v2\/types\/page"}],"author":[{"embeddable":true,"href":"https:\/\/satinfo.es\/web-wp\/index.php\/wp-json\/wp\/v2\/users\/41"}],"replies":[{"embeddable":true,"href":"https:\/\/satinfo.es\/web-wp\/index.php\/wp-json\/wp\/v2\/comments?post=12670"}],"version-history":[{"count":0,"href":"https:\/\/satinfo.es\/web-wp\/index.php\/wp-json\/wp\/v2\/pages\/12670\/revisions"}],"up":[{"embeddable":true,"href":"https:\/\/satinfo.es\/web-wp\/index.php\/wp-json\/wp\/v2\/pages\/118"}],"wp:attachment":[{"href":"https:\/\/satinfo.es\/web-wp\/index.php\/wp-json\/wp\/v2\/media?parent=12670"}],"curies":[{"name":"wp","href":"https:\/\/api.w.org\/{rel}","templated":true}]}}