

{"id":12559,"date":"2022-03-25T14:42:50","date_gmt":"2022-03-25T13:42:50","guid":{"rendered":"https:\/\/satinfo.es\/web-wp\/?page_id=12559"},"modified":"2022-03-28T15:03:05","modified_gmt":"2022-03-28T14:03:05","slug":"hornetkit","status":"publish","type":"page","link":"https:\/\/satinfo.es\/web-wp\/index.php\/hornetkit\/","title":{"rendered":"Hornetkit"},"content":{"rendered":"<p><img loading=\"lazy\" decoding=\"async\" class=\"alignnone wp-image-12459\" src=\"https:\/\/satinfo.es\/web-wp\/wp-content\/uploads\/2022\/03\/hornetlogo.png\" alt=\"Logo Hornet Security\" width=\"161\" height=\"80\" \/><\/p>\n<h1>CAT\u00c1LOGO DE SOLUCIONES Y SERVICIOS PARA EL KIT DIGITAL<\/h1>\n<h1 class=\"horntit\" style=\"text-align: center;\">FILTRADO BASICO<\/h1>\n<p style=\"text-align: center;\"><span style=\"color: #000000;\">Opciones m\u00ednimas para cumplir con el estandard de Correo Seguro. Antispam, Antimalware y Antiphishing.<\/span><\/p>\n<div class=\"flexmc\">\n<div class=\"htbas\"><strong><span style=\"color: #063550;\">TODOS LOS SERVIDORES DE CORREO:<\/span><\/strong><\/div>\n<div class=\"htbas\"><strong><span style=\"color: #063550;\">EXCLUSIVO OFFICE 365:<\/span><\/strong><\/div>\n<\/div>\n<div class=\"flexmc\">\n<div class=\"htbas\"><span style=\"color: #000000;\">SPAM AND MALWARE PROTECTION<\/span><\/div>\n<div class=\"htbas\"><span style=\"color: #000000;\">365 Total Protection Business<\/span><\/div>\n<\/div>\n<div class=\"flexmc\">\n<div class=\"htbas\"><span style=\"color: #000000;\">Detecci\u00f3n y filtrado de spam virus y phishing<\/span><\/div>\n<div class=\"htbas\"><span style=\"color: #000000;\">Seguridad avanzada de Microsoft 365<\/span><\/div>\n<\/div>\n<div class=\"flexmc\">\n<div class=\"htbas\"><a href=\"https:\/\/satinfo.es\/web-wp\/wp-content\/uploads\/2022\/03\/HORNET-Spam-and-Malware-Protection.pdf\" target=\"_blank\" rel=\"noopener\"><img decoding=\"async\" class=\"alignnone wp-image-12467 size-full\" src=\"https:\/\/satinfo.es\/web-wp\/wp-content\/uploads\/2022\/03\/hmsp.png\" alt=\"MSF Hornet\" \/><\/a><\/div>\n<div class=\"htbas\"><a href=\"https:\/\/satinfo.es\/web-wp\/wp-content\/uploads\/2022\/03\/HORNET-365-Total-Protection.pdf\" target=\"_blank\" rel=\"noopener\"><img decoding=\"async\" class=\"alignnone size-full wp-image-12467\" src=\"https:\/\/satinfo.es\/web-wp\/wp-content\/uploads\/2022\/03\/htpb.png\" alt=\"365 Total Protection Business\" \/><\/a><\/div>\n<\/div>\n<h1 class=\"horntit\" style=\"text-align: center;\"><span style=\"color: #000000;\"> UPSELLING<\/span><\/h1>\n<p style=\"text-align: center;\"><span style=\"color: #000000;\">Opciones para complementar la protecci\u00f3n y cubrir los requisitos de \u201cCorreo Seguro\u201d al a\u00f1adir un extra muy importante de an\u00e1lisis y filtrado de los correos recibidos.<\/span><\/p>\n<div class=\"flexmc\">\n<div class=\"htbas\"><strong><span style=\"color: #063550;\">TODOS LOS SERVIDORES DE CORREO:<\/span><\/strong><\/div>\n<div class=\"htbas\"><strong><span style=\"color: #063550;\">EXCLUSIVO OFFICE 365:<\/span><\/strong><\/div>\n<\/div>\n<div class=\"flexmc\">\n<div class=\"htbas\"><span style=\"color: #000000;\">ADVANCED THREAT PROTECTION<\/span><\/div>\n<div class=\"htbas\"><span style=\"color: #000000;\">365 Total Protection Enterprise<\/span><\/div>\n<\/div>\n<div class=\"flexmc\">\n<div class=\"htbas\"><span style=\"color: #000000;\">Ataques dirigidos y complejos. Fraude CEO, ataques combinados, sandboxing, an\u00e1lisis URL.<\/span><\/div>\n<div class=\"htbas\"><span style=\"color: #000000;\">Seguridad de alto nivel para Microsoft 365<\/span><\/div>\n<\/div>\n<div class=\"flexmc\">\n<div class=\"htbas\"><a href=\"https:\/\/satinfo.es\/web-wp\/wp-content\/uploads\/2022\/03\/HORNET-Advanced-Threat-Protection.pdf\" target=\"_blank\" rel=\"noopener\"><img decoding=\"async\" class=\"alignnone size-full wp-image-12467\" src=\"https:\/\/satinfo.es\/web-wp\/wp-content\/uploads\/2022\/03\/hatp.png\" alt=\"ATP Hornet\" \/><\/a><\/div>\n<div class=\"htbas\"><a href=\"https:\/\/satinfo.es\/web-wp\/wp-content\/uploads\/2022\/03\/HORNET-365-Total-Protection.pdf\"target=\"_blank\"><img decoding=\"async\" class=\"alignnone size-full wp-image-12467\" src=\"https:\/\/satinfo.es\/web-wp\/wp-content\/uploads\/2022\/03\/htpe.png\" alt=\"365 Total Protection Enterprise\" \/><\/a><\/div>\n<\/div>\n<div class=\"flexmc\">\n<div class=\"htbas\"><\/div>\n<div class=\"htbas\"><span style=\"color: #000000;\">365 Total Protection Enterprise Backup<\/span><\/div>\n<\/div>\n<div class=\"flexmc\">\n<div class=\"htbas\"><\/div>\n<div class=\"htbas\"><span style=\"color: #000000;\">Seguridad completa del correo electr\u00f3nico y Backup para Microsoft 365<\/span><\/div>\n<\/div>\n<div class=\"flexmc\">\n<div class=\"htbas\"><\/div>\n<div class=\"htbas\"><a href=\"https:\/\/satinfo.es\/web-wp\/wp-content\/uploads\/2022\/03\/HORNET-365-Total-Protection.pdf\"target=\"_blank\"><img decoding=\"async\" class=\"alignnone size-full wp-image-12467\" src=\"https:\/\/satinfo.es\/web-wp\/wp-content\/uploads\/2022\/03\/htpeb.png\" alt=\"365 Total Protection Enterprise Backup\" \/><\/a><\/div>\n<\/div>\n<p><strong><span style=\"color: #000000;\">SATINFO SERVICIOS PROFESIONALES<\/span><\/strong><\/p>\n<p><span style=\"color: #000000;\">El soporte t\u00e9cnico de las soluciones de Hornet est\u00e1 gestionado directamente por nuestros t\u00e9cnicos v\u00eda e-mail o tel\u00e9fono (horario habitual de oficina).<\/span><\/p>\n<p><span style=\"color: #000000;\">Servicios ofrecidos para ayudar a nuestros partners en la implementaci\u00f3n al cliente final de las soluciones ofertadas.<\/span><\/p>\n<ol>\n<li>JORNADAS DE FORMACI\u00d3N PARA EL PARTNER.<\/li>\n<li>JORNADAS DE IMPLEMENTACI\u00d3N DE LAS SOLUCIONES EN EL CLIENTE FINAL.<\/li>\n<\/ol>\n","protected":false},"excerpt":{"rendered":"<p>CAT\u00c1LOGO DE SOLUCIONES Y SERVICIOS PARA EL KIT DIGITAL FILTRADO BASICO Opciones m\u00ednimas para cumplir con el estandard de Correo Seguro. Antispam, Antimalware y Antiphishing. TODOS LOS SERVIDORES DE CORREO: EXCLUSIVO OFFICE 365: SPAM AND MALWARE PROTECTION 365 Total Protection Business Detecci\u00f3n y filtrado de spam virus y phishing Seguridad avanzada de Microsoft 365 UPSELLING&nbsp;<a href=\"https:\/\/satinfo.es\/web-wp\/index.php\/hornetkit\/\" class=\"read-more\">Continue Reading<\/a><\/p>\n","protected":false},"author":77,"featured_media":0,"parent":0,"menu_order":0,"comment_status":"closed","ping_status":"closed","template":"page-fullwidth.php","meta":{"_monsterinsights_skip_tracking":false,"_monsterinsights_sitenote_active":false,"_monsterinsights_sitenote_note":"","_monsterinsights_sitenote_category":0,"footnotes":""},"class_list":["post-12559","page","type-page","status-publish","hentry"],"aioseo_notices":[],"_links":{"self":[{"href":"https:\/\/satinfo.es\/web-wp\/index.php\/wp-json\/wp\/v2\/pages\/12559","targetHints":{"allow":["GET"]}}],"collection":[{"href":"https:\/\/satinfo.es\/web-wp\/index.php\/wp-json\/wp\/v2\/pages"}],"about":[{"href":"https:\/\/satinfo.es\/web-wp\/index.php\/wp-json\/wp\/v2\/types\/page"}],"author":[{"embeddable":true,"href":"https:\/\/satinfo.es\/web-wp\/index.php\/wp-json\/wp\/v2\/users\/77"}],"replies":[{"embeddable":true,"href":"https:\/\/satinfo.es\/web-wp\/index.php\/wp-json\/wp\/v2\/comments?post=12559"}],"version-history":[{"count":0,"href":"https:\/\/satinfo.es\/web-wp\/index.php\/wp-json\/wp\/v2\/pages\/12559\/revisions"}],"wp:attachment":[{"href":"https:\/\/satinfo.es\/web-wp\/index.php\/wp-json\/wp\/v2\/media?parent=12559"}],"curies":[{"name":"wp","href":"https:\/\/api.w.org\/{rel}","templated":true}]}}