

{"id":12557,"date":"2022-03-25T14:38:54","date_gmt":"2022-03-25T13:38:54","guid":{"rendered":"https:\/\/satinfo.es\/web-wp\/?page_id=12557"},"modified":"2022-03-29T12:37:15","modified_gmt":"2022-03-29T11:37:15","slug":"mcafeekit","status":"publish","type":"page","link":"https:\/\/satinfo.es\/web-wp\/index.php\/mcafeekit\/","title":{"rendered":"McAfeekit"},"content":{"rendered":"<p><img loading=\"lazy\" decoding=\"async\" class=\"alignnone size-full wp-image-8017\" src=\"https:\/\/satinfo.es\/web-wp\/wp-content\/uploads\/2012\/02\/mcafee-together.png\" alt=\"McAfee\" width=\"152\" height=\"47\" srcset=\"https:\/\/satinfo.es\/web-wp\/wp-content\/uploads\/2012\/02\/mcafee-together.png 152w, https:\/\/satinfo.es\/web-wp\/wp-content\/uploads\/2012\/02\/mcafee-together-150x47.png 150w, https:\/\/satinfo.es\/web-wp\/wp-content\/uploads\/2012\/02\/mcafee-together-151x47.png 151w\" sizes=\"auto, (max-width: 152px) 100vw, 152px\" \/><\/p>\n<h1>CAT\u00c1LOGO DE SOLUCIONES Y SERVICIOS PARA EL KIT DIGITAL<\/h1>\n<h2><span style=\"color: #000000;\">MV1 \u2013 MVISION Protect Standard.<\/span><\/h2>\n<div class=\"flexmc\">\n<div class=\"epo\"><a href=\"https:\/\/satinfo.es\/web-wp\/wp-content\/uploads\/2022\/03\/mvision-epo.pdf\" target=\"_blank\" rel=\"noopener\"><img loading=\"lazy\" decoding=\"async\" class=\"aligncenter wp-image-12481 size-full\" src=\"https:\/\/satinfo.es\/web-wp\/wp-content\/uploads\/2022\/03\/epo.gif\" alt=\"ePo McAfee\" width=\"178\" height=\"169\" \/><\/a><\/div>\n<div class=\"mcepo\">\n<p><strong><span style=\"color: #000000;\">Opciones de modelos de gesti\u00f3n:<\/span><\/strong><\/p>\n<ul>\n<li style=\"list-style-type: square;\">Standalone, para instalaciones independientes en los endpoints.<\/li>\n<li style=\"list-style-type: square;\">Consola ePolicy Orchestrator (ePO), para instalaciones On-Premise o en AWS.<\/li>\n<li style=\"list-style-type: square;\">Consola Mvision ePO, para instalaciones en la nube en formato Software as a Service (SaaS).<\/li>\n<\/ul>\n<\/div>\n<\/div>\n<p>&nbsp;<\/p>\n<div class=\"flexmc\">\n<div class=\"mcep\"><strong><span style=\"color: #000000;\">McAfee Endpoint Security:<\/span><\/strong><br \/>\n<span style=\"color: #000000;\">V\u00e1lido para Mac, Linux y Windows. Incluyendo antispyware, an\u00e1lisis heur\u00edstico, an\u00e1lisis en tiempo real, control de la Web y protecci\u00f3n frente a robo de credenciales.<\/span><span style=\"color: #000000;\">An\u00e1lisis de comportamientos adaptable frente al ransomware, greyware y \u00abd\u00eda cero\u00bb.<\/span><span style=\"color: #000000;\">Revierte autom\u00e1ticamente los cambios realizados por el malware, devuelve los sistemas a su \u00faltimo estado correcto conocido como Rollback.<\/span><\/p>\n<p><span style=\"color: #000000;\">Incluye Adaptive Threat Protection (ATP):<\/span><\/p>\n<p><span style=\"color: #000000;\">\u25aa Real Protect, machine learning para detectar malware de tipo zero-day.<\/span><br \/>\n<span style=\"color: #000000;\">\u25aa DAC, contenci\u00f3n din\u00e1mica de aplicaciones.<\/span><\/p>\n<\/div>\n<div class=\"antv\"><a href=\"https:\/\/satinfo.es\/web-wp\/wp-content\/uploads\/2022\/03\/mvision-endpoint.pdf\" target=\"_blank\" rel=\"noopener\"><img loading=\"lazy\" decoding=\"async\" class=\"aligncenter wp-image-12486\" src=\"https:\/\/satinfo.es\/web-wp\/wp-content\/uploads\/2022\/03\/MVISION-Endp.png\" alt=\"McAfee MVision Endpoint\" width=\"185\" height=\"185\" \/><\/a><\/div>\n<\/div>\n<p><strong><span style=\"color: #000000;\">Otras Opciones.<\/span><\/strong><br \/>\n<span style=\"color: #000000;\">Cons\u00faltenos si le interesa incluir en su oferta cualquier otra soluci\u00f3n del extenso y completo cat\u00e1logo de McAfee.<\/span><br \/>\n&nbsp;<br \/>\n<strong><span style=\"color: #000000;\">SATINFO SERVICIOS PROFESIONALES<\/span><\/strong><\/p>\n<p><span style=\"color: #000000;\">Soporte postventa facilitado por el fabricante directamente.<\/span><br \/>\n<span style=\"color: #000000;\">Adicionalmente nosotros le ofrecemos la posibilidad de contratar nuestro Soporte Satinfo para los clientes de McAfee (Contrataci\u00f3n por cliente final\/licencia).<\/span><\/p>\n<p><span style=\"color: #000000;\">Servicios ofrecidos para ayudar a nuestros partners en la implementaci\u00f3n al cliente final de las soluciones ofertadas.<\/span><\/p>\n<ol>\n<li>JORNADAS DE FORMACI\u00d3N PARA EL PARTNER.<\/li>\n<li>JORNADAS DE IMPLEMENTACI\u00d3N DE LAS SOLUCIONES EN EL CLIENTE FINAL.<\/li>\n<\/ol>\n","protected":false},"excerpt":{"rendered":"<p>CAT\u00c1LOGO DE SOLUCIONES Y SERVICIOS PARA EL KIT DIGITAL MV1 \u2013 MVISION Protect Standard. Opciones de modelos de gesti\u00f3n: Standalone, para instalaciones independientes en los endpoints. Consola ePolicy Orchestrator (ePO), para instalaciones On-Premise o en AWS. Consola Mvision ePO, para instalaciones en la nube en formato Software as a Service (SaaS). &nbsp; McAfee Endpoint Security:&nbsp;<a href=\"https:\/\/satinfo.es\/web-wp\/index.php\/mcafeekit\/\" class=\"read-more\">Continue Reading<\/a><\/p>\n","protected":false},"author":77,"featured_media":0,"parent":0,"menu_order":0,"comment_status":"closed","ping_status":"closed","template":"page-fullwidth.php","meta":{"_monsterinsights_skip_tracking":false,"_monsterinsights_sitenote_active":false,"_monsterinsights_sitenote_note":"","_monsterinsights_sitenote_category":0,"footnotes":""},"class_list":["post-12557","page","type-page","status-publish","hentry"],"aioseo_notices":[],"_links":{"self":[{"href":"https:\/\/satinfo.es\/web-wp\/index.php\/wp-json\/wp\/v2\/pages\/12557","targetHints":{"allow":["GET"]}}],"collection":[{"href":"https:\/\/satinfo.es\/web-wp\/index.php\/wp-json\/wp\/v2\/pages"}],"about":[{"href":"https:\/\/satinfo.es\/web-wp\/index.php\/wp-json\/wp\/v2\/types\/page"}],"author":[{"embeddable":true,"href":"https:\/\/satinfo.es\/web-wp\/index.php\/wp-json\/wp\/v2\/users\/77"}],"replies":[{"embeddable":true,"href":"https:\/\/satinfo.es\/web-wp\/index.php\/wp-json\/wp\/v2\/comments?post=12557"}],"version-history":[{"count":0,"href":"https:\/\/satinfo.es\/web-wp\/index.php\/wp-json\/wp\/v2\/pages\/12557\/revisions"}],"wp:attachment":[{"href":"https:\/\/satinfo.es\/web-wp\/index.php\/wp-json\/wp\/v2\/media?parent=12557"}],"curies":[{"name":"wp","href":"https:\/\/api.w.org\/{rel}","templated":true}]}}