

{"id":12545,"date":"2022-03-25T14:24:54","date_gmt":"2022-03-25T13:24:54","guid":{"rendered":"https:\/\/satinfo.es\/web-wp\/?page_id=12545"},"modified":"2022-03-28T08:25:17","modified_gmt":"2022-03-28T07:25:17","slug":"funcionalidades","status":"publish","type":"page","link":"https:\/\/satinfo.es\/web-wp\/index.php\/funcionalidades\/","title":{"rendered":"Funcionalidades"},"content":{"rendered":"<p><script language=\"JavaScript\">\n<!-- \nif (document.images) \n{\n\npic1= new Image(800,800); \npic1.src=\"https:\/\/satinfo.es\/web-wp\/wp-content\/uploads\/2022\/03\/caractk.png\";\n\npic2= new Image(800,800); \npic2.src=\"https:\/\/satinfo.es\/web-wp\/wp-content\/uploads\/2022\/03\/caractm.png\";\n\npic3= new Image(800,800); \npic3.src=\"https:\/\/satinfo.es\/web-wp\/wp-content\/uploads\/2022\/03\/caracth.png\";\n\n}\n\/\/-->\n<\/script><\/p>\n<p><script language=\"JavaScript\">\n<!-- Hide from older browsers \nfunction activate1() { \ndocument.images[\"funciones\"].src =\"https:\/\/satinfo.es\/web-wp\/wp-content\/uploads\/2022\/03\/caractk.png\"; \n} \nfunction deactivate1() { \ndocument.images[\"funciones\"].src =\"https:\/\/satinfo.es\/web-wp\/wp-content\/uploads\/2022\/03\/caract.png\"; \n}\n\/\/ End script hiding -->\n<\/script><\/p>\n<p><script language=\"JavaScript\">\n<!-- Hide from older browsers \nfunction activate2() { \ndocument.images[\"funciones\"].src =\"https:\/\/satinfo.es\/web-wp\/wp-content\/uploads\/2022\/03\/caractm.png\"; \n}\n function deactivate2() { \ndocument.images[\"funciones\"].src =\"https:\/\/satinfo.es\/web-wp\/wp-content\/uploads\/2022\/03\/caract.png\"; \n}\n<\/script>\n\n<script language=\"JavaScript\">\n<!-- Hide from older browsers \nfunction activate3() { \ndocument.images[\"funciones\"].src = \"https:\/\/satinfo.es\/web-wp\/wp-content\/uploads\/2022\/03\/caracth.png\"; }\nfunction deactivate3() { \ndocument.images[\"funciones\"].src = \"https:\/\/satinfo.es\/web-wp\/wp-content\/uploads\/2022\/03\/caract.png\"; \n}\n\/\/ End script hiding -->\n<\/script><\/p>\n<p><MAP NAME=\"funciones\"><br \/>\n    <AREA SHAPE=\"RECT\" COORDS=\"12,54,217,97\" HREF=\"https:\/\/satinfo.es\/web-wp\/index.php\/kasperskykit\/\" href=\"javascript:void(0)\" onmouseout=\"deactivate1()\" onmouseover=\"activate1()\" \/><br \/>\n    <AREA SHAPE=\"RECT\" COORDS=\"325,675,525,780\" HREF=\"https:\/\/satinfo.es\/web-wp\/index.php\/hornetkit\/\" href=\"javascript:void(0)\" onmouseout=\"deactivate3()\" onmouseover=\"activate3()\" \/><br \/>\n    <AREA SHAPE=\"RECT\" COORDS=\"565,63,773,127\" HREF=\"https:\/\/satinfo.es\/web-wp\/index.php\/mcafeekit\/\" href=\"javascript:void(0)\" onmouseout=\"deactivate2()\" onmouseover=\"activate2()\"><br \/>\n    <AREA SHAPE=\"DEFAULT\" NOHREF><br \/>\n<\/MAP><\/p>\n<h1 style=\"text-align: center;\"><span style=\"color: #000000;\">Funcionalidades\u00a0y servicios demandados en la categor\u00eda Ciberseguridad<\/span><\/h1>\n<h2 style=\"text-align: center;\"><span style=\"color: #000000;\">(Pasa el rat\u00f3n por encima de los fabricantes y descubre las funcionalidades cubiertas)<\/span><\/h2>\n<p><img decoding=\"async\" class=\"aligncenter wp-image-12547 size-full\" src=\"https:\/\/satinfo.es\/web-wp\/wp-content\/uploads\/2022\/03\/caract.png\" alt=\"Funcionalidades por fabricante\" usemap=\"#funciones\" name=\"funciones\" \/><\/p>\n<h1 style=\"text-align: center;\"><span style=\"color: #ff0000;\">SUBVENCI\u00d3N DE 125\u20ac POR DISPOSITIVO<\/span><\/h1>\n","protected":false},"excerpt":{"rendered":"<p>Funcionalidades\u00a0y servicios demandados en la categor\u00eda Ciberseguridad (Pasa el rat\u00f3n por encima de los fabricantes y descubre las funcionalidades cubiertas) SUBVENCI\u00d3N DE 125\u20ac POR DISPOSITIVO<\/p>\n","protected":false},"author":77,"featured_media":0,"parent":0,"menu_order":0,"comment_status":"closed","ping_status":"closed","template":"page-fullwidth.php","meta":{"_monsterinsights_skip_tracking":false,"_monsterinsights_sitenote_active":false,"_monsterinsights_sitenote_note":"","_monsterinsights_sitenote_category":0,"footnotes":""},"class_list":["post-12545","page","type-page","status-publish","hentry"],"aioseo_notices":[],"_links":{"self":[{"href":"https:\/\/satinfo.es\/web-wp\/index.php\/wp-json\/wp\/v2\/pages\/12545","targetHints":{"allow":["GET"]}}],"collection":[{"href":"https:\/\/satinfo.es\/web-wp\/index.php\/wp-json\/wp\/v2\/pages"}],"about":[{"href":"https:\/\/satinfo.es\/web-wp\/index.php\/wp-json\/wp\/v2\/types\/page"}],"author":[{"embeddable":true,"href":"https:\/\/satinfo.es\/web-wp\/index.php\/wp-json\/wp\/v2\/users\/77"}],"replies":[{"embeddable":true,"href":"https:\/\/satinfo.es\/web-wp\/index.php\/wp-json\/wp\/v2\/comments?post=12545"}],"version-history":[{"count":0,"href":"https:\/\/satinfo.es\/web-wp\/index.php\/wp-json\/wp\/v2\/pages\/12545\/revisions"}],"wp:attachment":[{"href":"https:\/\/satinfo.es\/web-wp\/index.php\/wp-json\/wp\/v2\/media?parent=12545"}],"curies":[{"name":"wp","href":"https:\/\/api.w.org\/{rel}","templated":true}]}}