

{"id":118,"date":"2012-02-09T12:34:38","date_gmt":"2012-02-09T11:34:38","guid":{"rendered":"http:\/\/persuadis.net\/blog\/?page_id=118"},"modified":"2026-04-08T15:53:56","modified_gmt":"2026-04-08T14:53:56","slug":"productos-2","status":"publish","type":"page","link":"https:\/\/satinfo.es\/web-wp\/index.php\/productos-2\/","title":{"rendered":"PRODUCTOS"},"content":{"rendered":"<div class=\"one_third \"><h1>NUESTROS PRODUCTOS<\/h1>\n<dl class=\"services\">\n<dt><a class=\"azul\" href=\"mcafee\">Trellix\/McAfee\/Skyhigh<\/a><\/dt>\n<dd><span style=\"color: #000000;\">Software antivirus y soluciones perimetrales<\/span><br \/>\n<a class=\"link_productos\" href=\"mcafee\">Leer m\u00e1s<\/a><\/dd>\n<dt><a class=\"azul\" href=\"https:\/\/satinfo.es\/web-wp\/index.php\/productos-2\/kaspersky\/?preview=true\">KASPERSKY<\/a><\/dt>\n<dd><span style=\"color: #000000;\">Sistemas de protecci\u00f3n contra virus, spam y ataques de hackers<\/span><br \/>\n<a class=\"link_productos\" href=\"https:\/\/satinfo.es\/web-wp\/index.php\/productos-2\/kaspersky\/?preview=true\">Leer m\u00e1s<\/a><\/dd>\n<dt><a class=\"azul\" href=\"https:\/\/satinfo.es\/web-wp\/index.php\/productos-2\/cynet\/\">Cynet<\/a><\/dt>\n<dd><span style=\"color: #000000;\">Ciberseguidad de nueva generaci\u00f3n<\/span><br \/>\n<a class=\"link_productos\" href=\"https:\/\/satinfo.es\/web-wp\/index.php\/productos-2\/cynet\/\">Leer m\u00e1s<\/a><\/dd>\n<dt><a class=\"azul\" href=\"https:\/\/satinfo.es\/web-wp\/index.php\/productos-2\/hornetsecurity\/\">Hornetsecurity<\/a><\/dt>\n<dd><span style=\"color: #000000;\">Proteja su mail de correo basura y de virus.<\/span><br \/>\n<a class=\"link_productos\" href=\"https:\/\/satinfo.es\/web-wp\/index.php\/productos-2\/hornetsecurity\/\">Leer m\u00e1s<\/a><\/dd>\n<dt><a class=\"azul\" href=\"https:\/\/satinfo.es\/web-wp\/index.php\/productos-2\/guardion\/\">CENTRIBAL<\/a><\/dt>\n<dd><span style=\"color: #000000;\">Especialista en recuperaci\u00f3n de datos<\/span><br \/>\n<a class=\"link_productos\" href=\"https:\/\/satinfo.es\/web-wp\/index.php\/productos-2\/guardion\/?preview=true\">Leer m\u00e1s<\/a><\/dd>\n<\/dl><\/div> <div class=\"two_third last\"><h1>CAT\u00c1LOGO DE PRODUCTOS<\/h1>\n<p class=\"wrapper\" style=\"text-align: justify;\"><span style=\"color: #000000;\">De un peque\u00f1o vistazo con el que acceder a la informaci\u00f3n que necesita y encontrar documentaci\u00f3n detallada y actualizada sobre nuestros productos.\u00a0 <\/span><\/p>\n<p class=\"wrapper\" style=\"text-align: justify;\"><span style=\"color: #800000;\"><strong>CAT\u00c1LOGO EN PROCESO DE ACTUALIZACI\u00d3N.<\/strong><\/span><br \/>\n<img loading=\"lazy\" decoding=\"async\" class=\"alignleft-1 wp-image-79\" style=\"margin-top: 15px;\" src=\"..\/..\/wp-content\/uploads\/2011\/01\/pdf_bt.png\" alt=\"Download PDF\" width=\"109\" height=\"30\" \/><\/p>\n<h1><\/h1>\n<h1><\/h1>\n<h1 style=\"margin-top: 40px;\">SOLICITAR PRESUPUESTO<\/h1>\n<h6>Rellene el siguiente formulario para obetener un presupuesto sin compromiso.<\/h6>\n<div class=\"wrapper\">\n<ul>\n<li><a href=\"..\/index.php\/solicitar-presupuesto\">Solicitar Presupuesto<\/a><\/li>\n<\/ul>\n<div class=\"one_half \"><\/div>\n<\/div><\/div><div class=\"clear\"><\/div>\n","protected":false},"excerpt":{"rendered":"","protected":false},"author":41,"featured_media":0,"parent":0,"menu_order":0,"comment_status":"closed","ping_status":"closed","template":"page-fullwidth.php","meta":{"_monsterinsights_skip_tracking":false,"_monsterinsights_sitenote_active":false,"_monsterinsights_sitenote_note":"","_monsterinsights_sitenote_category":0,"footnotes":""},"class_list":["post-118","page","type-page","status-publish","hentry"],"aioseo_notices":[],"_links":{"self":[{"href":"https:\/\/satinfo.es\/web-wp\/index.php\/wp-json\/wp\/v2\/pages\/118","targetHints":{"allow":["GET"]}}],"collection":[{"href":"https:\/\/satinfo.es\/web-wp\/index.php\/wp-json\/wp\/v2\/pages"}],"about":[{"href":"https:\/\/satinfo.es\/web-wp\/index.php\/wp-json\/wp\/v2\/types\/page"}],"author":[{"embeddable":true,"href":"https:\/\/satinfo.es\/web-wp\/index.php\/wp-json\/wp\/v2\/users\/41"}],"replies":[{"embeddable":true,"href":"https:\/\/satinfo.es\/web-wp\/index.php\/wp-json\/wp\/v2\/comments?post=118"}],"version-history":[{"count":0,"href":"https:\/\/satinfo.es\/web-wp\/index.php\/wp-json\/wp\/v2\/pages\/118\/revisions"}],"wp:attachment":[{"href":"https:\/\/satinfo.es\/web-wp\/index.php\/wp-json\/wp\/v2\/media?parent=118"}],"curies":[{"name":"wp","href":"https:\/\/api.w.org\/{rel}","templated":true}]}}