

{"id":1120,"date":"2012-04-17T16:10:08","date_gmt":"2012-04-17T15:10:08","guid":{"rendered":"http:\/\/satinfo.es\/web-wp\/?page_id=1120"},"modified":"2014-09-03T09:23:24","modified_gmt":"2014-09-03T08:23:24","slug":"aviso-legal","status":"publish","type":"page","link":"https:\/\/satinfo.es\/web-wp\/index.php\/aviso-legal\/","title":{"rendered":"Aviso Legal"},"content":{"rendered":"<p style=\"text-align: justify;\"><span style=\"color: #000000;\"><strong>1. Objeto<\/strong><\/span><\/p>\n<p style=\"text-align: justify;\"><span style=\"color: #000000;\">SATINFO SL crea y actualiza el sitio identificado con el nombre de dominio www.satinfo.es, a fin de que la informaci\u00f3n que contiene sea de uso p\u00fablico.<\/span><\/p>\n<p style=\"text-align: justify;\"><span style=\"color: #000000;\">El acceso y navegaci\u00f3n por este sitio web supone el conocimiento y aceptaci\u00f3n sin reservas de toda la informaci\u00f3n legal y condiciones de utilizaci\u00f3n del mismo.<\/span><\/p>\n<p style=\"text-align: justify;\"><span style=\"color: #000000;\">Las presentes condiciones generales tienen por objeto regular el acceso, navegaci\u00f3n y uso de este sitio web, pero independientemente de la mismas, SATINFO podr\u00e1 establecer unas condiciones particulares que regulen la utilizaci\u00f3n y\/o contrataci\u00f3n de servicios espec\u00edficos ofrecidos a trav\u00e9s del mismo. En el caso de existir discrepancia sobre lo estipulado entre las condiciones generales y las condiciones particulares de un determinado servicio, prevalecer\u00e1 lo dispuesto en estas \u00faltimas.<\/span><\/p>\n<p style=\"text-align: justify;\"><span style=\"color: #000000;\"><strong>2. \u00c1mbito de aplicaci\u00f3n<\/strong><\/span><\/p>\n<p style=\"text-align: justify;\"><span style=\"color: #000000;\">El presente aviso legal regula el uso del servicio del sitio web de Internet www.satinfo.es que la empresa pone a disposici\u00f3n de los usuarios de Internet.<\/span><\/p>\n<p style=\"text-align: justify;\"><span style=\"color: #000000;\">SATINFO tiene personalidad jur\u00eddica propia, plena capacidad jur\u00eddica y de obrar para el cumplimiento de sus fines, y patrimonio propio. Est\u00e1 inscrita en el Registro Mercantil de Barcelona, tomo 25701, folio 179, hoja B-93204, inscripci\u00f3n 1\u00aa.<\/span><\/p>\n<p style=\"text-align: justify;\"><span style=\"color: #000000;\"><em><span style=\"text-decoration: underline;\">Datos de contacto de SATINFO:<\/span><\/em><\/span><\/p>\n<p style=\"text-align: justify;\"><span style=\"color: #000000;\">N.I.F: B60310356<\/span><\/p>\n<p style=\"text-align: justify;\"><span style=\"color: #000000;\">Direcci\u00f3n: c\/N\u00e0pols 335 bajos. 08025, Barcelona.<\/span><\/p>\n<p style=\"text-align: justify;\"><span style=\"color: #000000;\">Tel\u00e9fono de contacto: 93 459 01 00<\/span><\/p>\n<p style=\"text-align: justify;\"><span style=\"color: #000000;\">Correo electr\u00f3nico de contacto:\u00a0<a href=\"mailto:comercial@satinfo.es\"><span style=\"color: #000000;\">comercial@satinfo.es<\/span><\/a><\/span><\/p>\n<p style=\"text-align: justify;\"><span style=\"color: #000000;\"><strong>3. Exclusi\u00f3n de Responsabilidad<\/strong><\/span><\/p>\n<p style=\"text-align: justify;\"><span style=\"color: #000000;\">SATINFO realiza los m\u00e1ximos esfuerzos para evitar cualquier error en los contenidos que pudieran aparecer en este sitio web.<\/span><\/p>\n<p style=\"text-align: justify;\"><span style=\"color: #000000;\">SATINFO no garantiza la exactitud ni la puesta al d\u00eda de la informaci\u00f3n que se pueda obtener del mismo, la cual podr\u00e1 ser modificada sin previo aviso.<\/span><\/p>\n<p style=\"text-align: justify;\"><span style=\"color: #000000;\">SATINFO no asume ninguna responsabilidad derivada del uso por terceros del contenido de este sitio.<\/span><\/p>\n<p style=\"text-align: justify;\"><span style=\"color: #000000;\">En el caso de licitaciones y textos legales no se garantiza la reproducci\u00f3n exacta del texto adoptado oficialmente. La informaci\u00f3n facilitada por SATINFO es de car\u00e1cter general y no supone asesoramiento profesional o jur\u00eddico alguno.<\/span><\/p>\n<p style=\"text-align: justify;\"><span style=\"color: #000000;\">SATINFO realizar\u00e1 sus mejores esfuerzos para que el sitio web no sufra interrupciones, pero no puede garantizar la ausencia de fallos tecnol\u00f3gicos, ni la permanente disponibilidad del sitio web y de los servicios contenidos en \u00e9l y, en consecuencia, no asume responsabilidad alguna por los da\u00f1os y perjuicios que puedan generarse por la falta de disponibilidad y por los fallos en el acceso ocasionados por desconexiones, aver\u00edas, sobrecargas o ca\u00eddas de la red no imputables a SATINFO.<\/span><\/p>\n<p style=\"text-align: justify;\"><span style=\"color: #000000;\"><strong>4. Suscripci\u00f3n de servicios<\/strong><\/span><\/p>\n<p style=\"text-align: justify;\"><span style=\"color: #000000;\">Con car\u00e1cter general el acceso a las utilidades del sitio web no exige previa suscripci\u00f3n o registro de usuario, a excepci\u00f3n de la Zona exclusiva de Distribuidores y descargas de utilidades t\u00e9cnicas. A estos efectos el usuario garantiza la autenticidad y veracidad de todos aquellos datos que comunique al cumplimentar el\/los formulario\/s de suscripci\u00f3n. El usuario se compromete y responsabiliza de mantener toda la informaci\u00f3n facilitada de forma que responda, en cada momento, a su situaci\u00f3n real.<\/span><\/p>\n<p style=\"text-align: justify;\"><span style=\"color: #000000;\">Si como consecuencia del registro, se dotara al usuario de una contrase\u00f1a, \u00e9ste se compromete a hacer un uso diligente y a mantenerla en secreto para acceder a estos servicios. En consecuencia, los usuarios son responsables de la adecuada custodia y confidencialidad de cualesquiera identificadores y\/o contrase\u00f1as que le sean suministradas por SATINFO, y se comprometen a no ceder su uso a terceros, ya sea temporal o permanente, ni a permitir su acceso a personas ajenas. Ser\u00e1 responsabilidad del usuario la utilizaci\u00f3n il\u00edcita de los servicios por cualquier tercero ileg\u00edtimo que emplee a tal efecto una contrase\u00f1a a causa de una utilizaci\u00f3n no diligente o de la p\u00e9rdida de la misma por el usuario.<\/span><\/p>\n<p style=\"text-align: justify;\"><span style=\"color: #000000;\"><strong>5. Protecci\u00f3n de datos personales<\/strong><\/span><\/p>\n<p style=\"text-align: justify;\"><span style=\"color: #000000;\">Para acceder a alguno de los servicios ofrecidos a trav\u00e9s del sitio web, el usuario deber\u00e1 proporcionar previamente algunos datos de car\u00e1cter personal.<\/span><\/p>\n<p style=\"text-align: justify;\"><span style=\"color: #000000;\">De conformidad con lo establecido en la Ley Org\u00e1nica 15\/1999, de 13 de diciembre, de Protecci\u00f3n de Datos de Car\u00e1cter Personal, informamos que los datos personales ser\u00e1n incorporados a un fichero titularidad de SATINFO cuya finalidad es posibilitar el acceso a los servicios ofrecidos por el sitio web.<\/span><\/p>\n<p style=\"text-align: justify;\"><span style=\"color: #000000;\">El usuario se responsabiliza de la veracidad y exactitud de los datos personales comunicados y autoriza la recogida y el tratamiento de los mismos para esta finalidad. En el supuesto de producirse alguna modificaci\u00f3n en sus datos, SATINFO ruega a los usuarios que lo comuniquen con el fin de mantenerlos actualizados.<\/span><\/p>\n<p style=\"text-align: justify;\"><span style=\"color: #000000;\">SATINFO, como responsable del tratamiento, adoptar\u00e1 las medidas, de \u00edndole t\u00e9cnica y organizativa, necesarias para garantizar la seguridad de los datos de car\u00e1cter personal que se aporten, evitando su alteraci\u00f3n, p\u00e9rdida, tratamiento o acceso no autorizado.<\/span><\/p>\n<p style=\"text-align: justify;\"><span style=\"color: #000000;\">SATINFO tratar\u00e1 estos datos conforme a las condiciones determinadas en este apartado y con sujeci\u00f3n a lo establecido en las condiciones particulares del correspondiente servicio.<\/span><\/p>\n<p style=\"text-align: justify;\"><span style=\"color: #000000;\">Asimismo, informamos de que el usuario podr\u00e1 ejercer sus derechos de acceso, rectificaci\u00f3n, cancelaci\u00f3n y oposici\u00f3n ante SATINFO en la forma legalmente prevista, mediante solicitud a <a href=\"mailto:comercial@satinfo.es\"><span style=\"color: #000000;\">comercial@satinfo.es<\/span><\/a>.<\/span><\/p>\n<p style=\"text-align: justify;\"><span style=\"color: #000000;\"><strong>6. Derechos de Propiedad Intelectual e Industrial<\/strong><\/span><\/p>\n<p style=\"text-align: justify;\"><span style=\"color: #000000;\">\u00a9 Satinfo, 2000.<\/span><\/p>\n<p style=\"text-align: justify;\"><span style=\"color: #000000;\">SATINFO es titular de los derechos de propiedad intelectual e industrial de este sitio web, as\u00ed como de su contenido. Los textos, dise\u00f1os, im\u00e1genes, bases de datos, logos, estructura y dem\u00e1s elementos de este sitio est\u00e1n protegidos por las leyes y los tratados internacionales sobre propiedad intelectual. Cualquier reproducci\u00f3n, transmisi\u00f3n, adaptaci\u00f3n, traducci\u00f3n, modificaci\u00f3n, comunicaci\u00f3n al p\u00fablico, o cualquier otra explotaci\u00f3n de todo o parte del contenido de este sitio, efectuada de cualquier forma o por cualquier medio, electr\u00f3nico, mec\u00e1nico u otro, est\u00e1n estrictamente prohibidos salvo autorizaci\u00f3n previa por escrito de SATINFO o alguno de los fabricantes de los que es mayorista. Cualquier infracci\u00f3n de estos derechos puede dar lugar a los procedimientos judiciales que correspondan.<\/span><\/p>\n<p style=\"text-align: justify;\"><span style=\"color: #000000;\"><strong>7. V\u00ednculos o enlaces hipertextuales con el sitio web<\/strong><\/span><\/p>\n<p style=\"text-align: justify;\"><span style=\"color: #000000;\">Los Usuarios o los titulares de otros sitios web que pretendan crear un enlace de hipertexto (en adelante\u00a0<em>link<\/em>) al sitio web, deber\u00e1n asegurar y comprometerse al respeto de las reglas de SATINFO sobre enlaces en la Red.<\/span><\/p>\n<ul style=\"text-align: justify;\">\n<li><span style=\"color: #000000;\">El\u00a0<em>link<\/em>\u00a0solamente se podr\u00e1 dirigir a la P\u00e1gina Principal o Home de www.satinfo.es, salvo autorizaci\u00f3n expresa y por escrito de SATINFO.<\/span><\/li>\n<li><span style=\"color: #000000;\">El\u00a0<em>link<\/em>\u00a0debe ser absoluto y completo, es decir, debe llevar al usuario, mediante un clic, a la propia direcci\u00f3n URL http:\/\/www.satinfo.es y debe abarcar completamente toda la extensi\u00f3n de la pantalla de la P\u00e1gina Principal de www.satinfo.es. En ning\u00fan caso, salvo que SATINFO lo autorice de manera expresa y por escrito, el sitio web que realiza el enlace podr\u00e1 reproducir, de cualquier manera, www.satinfo.es, incluirlo como parte de su web o dentro de uno de sus \u00abframes\u00bb o crear un \u00abbrowser\u00bb sobre cualquiera de las p\u00e1ginas de www.satinfo.es.<\/span><\/li>\n<li><span style=\"color: #000000;\">SATINFO no autoriza el establecimiento de un enlace a www.satinfo.es desde aquellos sitios web que contengan materiales, informaci\u00f3n o contenidos il\u00edcitos, ilegales, degradantes, obscenos, y en general, que contravengan la moral, el orden p\u00fablico o las normas sociales generalmente aceptadas.<\/span><\/li>\n<li><span style=\"color: #000000;\">SATINFO recomienda al sitio web interesado en realizar un enlace a www.satinfo.es el uso del logotipo de la marca SATINFO para ilustrar el\u00a0<em>link<\/em>, que se puede obtener pidi\u00e9ndolo a prensa@satinfo.es.<\/span><\/li>\n<\/ul>\n<p style=\"text-align: justify;\"><span style=\"color: #000000;\">En cualquier caso, la inclusi\u00f3n de v\u00ednculos o enlaces al sitio web por parte de otros sitios web no implica que SATINFO mantenga v\u00ednculos o asociaci\u00f3n de ninguna clase con el titular de la web en la que se establezca el\u00a0<em>link,<\/em>\u00a0ni que SATINFO promocione, avale, garantice o recomiende los contenidos de dichos portales o sitios web. Por su parte, el sitio web de \u00a0SATINFO puede contener v\u00ednculos o enlaces con otros portales o sitios web.\u00a0<\/span><\/p>\n<p style=\"text-align: justify;\"><span style=\"color: #000000;\"><strong>8. Restricciones de acceso<\/strong><\/span><\/p>\n<p style=\"text-align: justify;\"><span style=\"color: #000000;\">SATINFO se reserva el derecho a denegar discrecionalmente, en cualquier momento y sin necesidad de preaviso, el acceso de cualquier usuario a este sitio web o a alguna parte del mismo.<\/span><\/p>\n<p style=\"text-align: justify;\"><span style=\"color: #000000;\"><strong>9. Derecho aplicable y jurisdicci\u00f3n competente<\/strong><\/span><\/p>\n<p style=\"text-align: justify;\"><span style=\"color: #000000;\">El uso de los elementos de este sitio implica la aceptaci\u00f3n de las advertencias legales aqu\u00ed expresadas y, en especial, de que los conflictos relativos a este sitio se regir\u00e1n exclusivamente por el Derecho espa\u00f1ol, siendo los Juzgados y Tribunales espa\u00f1oles los \u00fanicos competentes.<\/span><\/p>\n<p style=\"text-align: justify;\"><span style=\"color: #000000;\"><strong>10. Modificaci\u00f3n de las presentes condiciones y advertencias<\/strong><\/span><\/p>\n<p style=\"text-align: justify;\"><span style=\"color: #000000;\">SATINFO se reserva el derecho a modificar las condiciones y advertencias aplicables a este sitio web.<\/span><\/p>\n","protected":false},"excerpt":{"rendered":"<p>1. Objeto SATINFO SL crea y actualiza el sitio identificado con el nombre de dominio www.satinfo.es, a fin de que la informaci\u00f3n que contiene sea de uso p\u00fablico. El acceso y navegaci\u00f3n por este sitio web supone el conocimiento y aceptaci\u00f3n sin reservas de toda la informaci\u00f3n legal y condiciones de utilizaci\u00f3n del mismo. Las&nbsp;<a href=\"https:\/\/satinfo.es\/web-wp\/index.php\/aviso-legal\/\" class=\"read-more\">Continue Reading<\/a><\/p>\n","protected":false},"author":41,"featured_media":0,"parent":0,"menu_order":0,"comment_status":"closed","ping_status":"open","template":"page-fullwidth.php","meta":{"_monsterinsights_skip_tracking":false,"_monsterinsights_sitenote_active":false,"_monsterinsights_sitenote_note":"","_monsterinsights_sitenote_category":0,"footnotes":""},"class_list":["post-1120","page","type-page","status-publish","hentry"],"aioseo_notices":[],"_links":{"self":[{"href":"https:\/\/satinfo.es\/web-wp\/index.php\/wp-json\/wp\/v2\/pages\/1120","targetHints":{"allow":["GET"]}}],"collection":[{"href":"https:\/\/satinfo.es\/web-wp\/index.php\/wp-json\/wp\/v2\/pages"}],"about":[{"href":"https:\/\/satinfo.es\/web-wp\/index.php\/wp-json\/wp\/v2\/types\/page"}],"author":[{"embeddable":true,"href":"https:\/\/satinfo.es\/web-wp\/index.php\/wp-json\/wp\/v2\/users\/41"}],"replies":[{"embeddable":true,"href":"https:\/\/satinfo.es\/web-wp\/index.php\/wp-json\/wp\/v2\/comments?post=1120"}],"version-history":[{"count":0,"href":"https:\/\/satinfo.es\/web-wp\/index.php\/wp-json\/wp\/v2\/pages\/1120\/revisions"}],"wp:attachment":[{"href":"https:\/\/satinfo.es\/web-wp\/index.php\/wp-json\/wp\/v2\/media?parent=1120"}],"curies":[{"name":"wp","href":"https:\/\/api.w.org\/{rel}","templated":true}]}}