

{"id":1004,"date":"2012-04-12T11:00:00","date_gmt":"2012-04-12T10:00:00","guid":{"rendered":"http:\/\/satinfo.es\/web-wp\/?page_id=1004"},"modified":"2012-04-13T12:59:59","modified_gmt":"2012-04-13T11:59:59","slug":"spamina-renueva-sus-soluciones-cloud-email-firewall","status":"publish","type":"page","link":"https:\/\/satinfo.es\/web-wp\/index.php\/spamina-renueva-sus-soluciones-cloud-email-firewall\/","title":{"rendered":"Spamina renueva sus soluciones Cloud Email Firewall"},"content":{"rendered":"<h2 style=\"text-align: justify;\">Spamina renueva sus soluciones Cloud Email Firewall (Computing, 27 mar 12)<\/h2>\n<p style=\"text-align: justify;\"><span style=\"color: #000000;\">Lanza la nueva versi\u00f3n de sus soluciones Cloud Email Firewall (Email Service Firewall y Email Firewall). Entre las novedades incluidas en la nueva versi\u00f3n 3.3.1-1 destacan utilidades como la ampliaci\u00f3n del \u00e1mbito de actuaci\u00f3n del motor de reglas y la reingenier\u00eda del notificador.<\/span><\/p>\n<p style=\"text-align: justify;\"><span style=\"color: #000000;\">Spamina ha actualizado sus soluciones Cloud Email Firewall (Email Service Firewall y Email Firewall), para la protecci\u00f3n, control y gesti\u00f3n del correo electr\u00f3nico en un entorno cloud, lanzando la nueva versi\u00f3n 3.3.1-1. En ellas, destacan como novedades las mejoras del motor de reglas y la reingenier\u00eda del notificador.<\/span><\/p>\n<p style=\"text-align: justify;\"><span style=\"color: #000000;\">El motor de reglas de Spamina Cloud Email Firewall ha sido ampliado para permitir administrar el flujo de mensajes salientes de los usuarios del sistema, controlando los correos enviados por los usuarios y aplic\u00e1ndoles las pol\u00edticas definidas por la empresa. Tanto para el filtrado del correo entrante como del saliente, se ha dotado al motor de reglas de la posibilidad de aplicar acciones en funci\u00f3n de los valores presentes en el campo \u2018CC\u2019 y del n\u00famero de destinatarios de los correos.<\/span><\/p>\n<p style=\"text-align: justify;\"><span style=\"color: #000000;\">Respecto al nuevo notificador, ha sido desarrollado con el objetivo de garantizar la compatibilidad con las plataformas PC (Windows, Mac y Linux) con procesadores de 32 y 64 bits. Entre sus nuevas funcionalidades, permite conexiones a proxys con autentificaci\u00f3n, ofrece la posibilidad de realizar conexiones al servidor mediante el protocolo HTTPS, as\u00ed como iniciar m\u00faltiples sesiones con distintas cuentas de forma concurre.<\/span><\/p>\n","protected":false},"excerpt":{"rendered":"<p>Spamina renueva sus soluciones Cloud Email Firewall (Computing, 27 mar 12) Lanza la nueva versi\u00f3n de sus soluciones Cloud Email Firewall (Email Service Firewall y Email Firewall). Entre las novedades incluidas en la nueva versi\u00f3n 3.3.1-1 destacan utilidades como la ampliaci\u00f3n del \u00e1mbito de actuaci\u00f3n del motor de reglas y la reingenier\u00eda del notificador. Spamina&nbsp;<a href=\"https:\/\/satinfo.es\/web-wp\/index.php\/spamina-renueva-sus-soluciones-cloud-email-firewall\/\" class=\"read-more\">Continue Reading<\/a><\/p>\n","protected":false},"author":41,"featured_media":0,"parent":0,"menu_order":0,"comment_status":"closed","ping_status":"open","template":"page-fullwidth.php","meta":{"_monsterinsights_skip_tracking":false,"_monsterinsights_sitenote_active":false,"_monsterinsights_sitenote_note":"","_monsterinsights_sitenote_category":0,"footnotes":""},"class_list":["post-1004","page","type-page","status-publish","hentry"],"aioseo_notices":[],"_links":{"self":[{"href":"https:\/\/satinfo.es\/web-wp\/index.php\/wp-json\/wp\/v2\/pages\/1004","targetHints":{"allow":["GET"]}}],"collection":[{"href":"https:\/\/satinfo.es\/web-wp\/index.php\/wp-json\/wp\/v2\/pages"}],"about":[{"href":"https:\/\/satinfo.es\/web-wp\/index.php\/wp-json\/wp\/v2\/types\/page"}],"author":[{"embeddable":true,"href":"https:\/\/satinfo.es\/web-wp\/index.php\/wp-json\/wp\/v2\/users\/41"}],"replies":[{"embeddable":true,"href":"https:\/\/satinfo.es\/web-wp\/index.php\/wp-json\/wp\/v2\/comments?post=1004"}],"version-history":[{"count":0,"href":"https:\/\/satinfo.es\/web-wp\/index.php\/wp-json\/wp\/v2\/pages\/1004\/revisions"}],"wp:attachment":[{"href":"https:\/\/satinfo.es\/web-wp\/index.php\/wp-json\/wp\/v2\/media?parent=1004"}],"curies":[{"name":"wp","href":"https:\/\/api.w.org\/{rel}","templated":true}]}}